{"id":4411,"date":"2020-01-22T09:16:12","date_gmt":"2020-01-22T09:16:12","guid":{"rendered":"https:\/\/institutpoblenou.cat\/politica-privacidad\/"},"modified":"2020-05-18T15:20:11","modified_gmt":"2020-05-18T15:20:11","slug":"privacy-policy","status":"publish","type":"page","link":"https:\/\/institutpoblenou.cat\/en\/privacy-policy\/","title":{"rendered":"Privacy policy"},"content":{"rendered":"<section class=\"l-section wpb_row height_medium\"><div class=\"l-section-h i-cf\"><div class=\"g-cols vc_row type_default valign_top\"><div class=\"vc_col-sm-12 wpb_column vc_column_container\"><div class=\"vc_column-inner\"><div class=\"wpb_wrapper\"><div class=\"wpb_text_column sub-ttl\"><div class=\"wpb_wrapper\"><h3>POL\u00cdTICA DE PRIVACIDAD<\/h3>\n<\/div><\/div><div class=\"wpb_text_column txt\"><div class=\"wpb_wrapper\"><p>Protecci\u00f3n de datos de car\u00e1cter personal seg\u00fan la LOPD Ley Org\u00e1nica 3\/2018, de 5 de diciembre, de Protecci\u00f3n de Datos Personales y garant\u00eda de los derechos digitales, en aplicaci\u00f3n de la normativa vigente en materia de protecci\u00f3n de datos de car\u00e1cter personal, informa que los datos personales que se recogen a trav\u00e9s de los formularios del Sitio web: institutpoblenou.com, se incluyen en archivos y ficheros automatizados espec\u00edficos de usuarios de los servicios de institutpoblenou.com<\/p>\n<p>La recogida y tratamiento automatizado de los datos de car\u00e1cter personal tiene como finalidad el desempe\u00f1o de tareas de informaci\u00f3n, formaci\u00f3n, asesoramiento y otras actividades propias de el Institut Poblenou. Para ello, el Institut Poblenou adopta las medidas necesarias para garantizar la seguridad, integridad y confidencialidad de los datos conforme a lo dispuesto en el Reglamento (UE) 2016\/679 del Parlamento Europeo y del Consejo, de 27 de abril de 2016, relativo a la protecci\u00f3n de las personas f\u00edsicas en lo que respecta al tratamiento de datos personales y a la libre circulaci\u00f3n de los mismos. El usuario podr\u00e1 en cualquier momento ejercitar los derechos de acceso, oposici\u00f3n, rectificaci\u00f3n y cancelaci\u00f3n reconocidos en el citado Reglamento (UE). El ejercicio de estos derechos puede realizarlo el propio usuario a trav\u00e9s de email a a8034138@xtec.cat : o en la direcci\u00f3n: C \/Doctor Trueta 206. 08005 Barcelona. El usuario manifiesta que todos los datos facilitados por \u00e9l son ciertos y correctos, y se compromete a mantenerlos actualizados, comunicando los cambios a EL MAIL DE ANTES<\/p>\n<p><strong>Finalidad: <\/strong><\/p>\n<p><strong>Por qu\u00e9 usamos los datos?<\/strong><\/p>\n<ol>\n<li>Datos de alumnos<br \/>\nLos datos personales de los alumnos son \u00fanicamente tratadas para el desarrollo de las funciones docentes o orientadoras propias del Centro.<br \/>\nCualquier uso de los datos personales de los alumnos diferente de los aqu\u00ed indicados, exigir\u00e1 un consentimiento previo, expreso y espec\u00edfico de sus titulares o representantes legales. De acuerdo a la normativa vigente, los datos personales que podemos solicitar para el cumplimiento de las labores anteriormente indicadas, son aquellas que hacen referencia al origen y ambiente familiar y social, a caracter\u00edsticas o condiciones personales, el desarrollo y resultados de su escolarizaci\u00f3n, as\u00ed como aquellas otras circunstancias el conocimiento sea necesario para la educaci\u00f3n y orientaci\u00f3n de los alumnos.<br \/>\nEn el caso de los datos personales de los familiares ser\u00e1n exclusivamente tratados con fines administrativas relacionadas con las labores docentes y orientadores, anteriormente citadas.<\/li>\n<li>Datos de usuarios registrados en la web En Institut Poblenou trataremos tus datos personales recabados a trav\u00e9s del Sitio Web:institutpoblenou.com, con las siguientes finalidades:\n<ol>\n<li>Env\u00edo de informaci\u00f3n solicitada a trav\u00e9s de los formularios dispuestos en institutpoblenou.com<\/li>\n<li>Remitir boletines (newsletters), as\u00ed como comunicaciones de Institut Poblenou, sobre formaci\u00f3n o el entorno social y econ\u00f3mico relacionado con el Instituto. Te recordamos que puedes oponerte al env\u00edo de comunicaciones por cualquier v\u00eda y en cualquier momento, remitiendo un correo electr\u00f3nico a la direcci\u00f3n indicada anteriormente. Los campos de dichos registros son de cumplimentaci\u00f3n obligatoria, siendo imposible realizar las finalidades expresadas si no se aportan esos datos.<\/li>\n<\/ol>\n<\/li>\n<\/ol>\n<p><strong>Durante cu\u00e1nto tiempo custodiamos los datos?<\/strong><\/p>\n<ol>\n<li>Datos de alumnos.<br \/>\nEl plazo de custodia de los expedientes y cualquier otra documentaci\u00f3n acad\u00e9mica es el que se fije en la normativa auton\u00f3mica aplicable. De acuerdo a la normativa vigente forma parte del expediente acad\u00e9mico del alumno \u201clos resultados de la evaluaci\u00f3n, de las propuestas de promoci\u00f3n y titulaci\u00f3n y, en su caso, de las medidas de atenci\u00f3n a la diversidad adoptadas, de las adaptaciones curriculares significativas, de la entrega del certificado oficial sobre su escolaridad y el nivel de adquisici\u00f3n de las competencias b\u00e1sicas y un informe orientador sobre sus opciones acad\u00e9micas y profesionales \u201c. Toda aquella documentaci\u00f3n que pueda adjuntarse al expediente acad\u00e9mico del alumno y que no forme parte espec\u00edficamente del mismo, ser\u00e1 destruida por el Centro al momento que el alumno cumpla su ciclo formativo en el mismo.<\/li>\n<li>Datos de usuarios registrados en la web.<br \/>\nLos datos personales proporcionados se conservar\u00e1n mientras se mantenga la relaci\u00f3n o no solicites su supresi\u00f3n.<\/li>\n<\/ol>\n<p><strong>Legitimizaci\u00f3n:<\/strong><\/p>\n<ol>\n<li>Datos de alumnos.<br \/>\nLa Disposici\u00f3n adicional vig\u00e9sima tercera de la Ley Org\u00e1nica 2\/2006, de 3 de mayo, de Educaci\u00f3n, establece que \u201cLos padres o tutores y los propios alumnos deber\u00e1n colaborar en la obtenci\u00f3n de la informaci\u00f3n a la que hace referencia este art\u00edculo. La incorporaci\u00f3n de un alumno a un centro docente supondr\u00e1 el consentimiento para el tratamiento de sus datos y, en su caso, la cesi\u00f3n de datos procedentes del centro en el que hubiera estado escolarizado con anterioridad, en los t\u00e9rminos establecidos en la legislaci\u00f3n sobre protecci\u00f3n de datos. En todo caso, la informaci\u00f3n a la que se refiere este apartado ser\u00e1 la estrictamente necesaria para la funci\u00f3n docente y orientadora, no pudiendo tratarse con fines diferentes del educativo sin consentimiento expreso. \u201c En los casos que fuera necesario el consentimiento para el tratamiento de los datos, este ser\u00e1 otorgado por el propio alumno en caso de que \u00e9ste sea mayor de 13 a\u00f1os. Si fuera menor de esta edad, el consentimiento ser\u00e1 otorgado por el titular patria potestad o la tutela del menor.<\/li>\n<li>Datos de usuarios registrados en la web.<br \/>\nLegitimaci\u00f3n: El tratamiento de tus datos se realiza con las siguientes bases jur\u00eddicas que legitiman el mismo: 1. La solicitud de informaci\u00f3n de Institut Poblenou, cuyos t\u00e9rminos y condiciones se pondr\u00e1n a tu disposici\u00f3n en todo caso, de forma previa a una eventual contrataci\u00f3n. 2. El consentimiento libre, espec\u00edfico, informado e inequ\u00edvoco, en tanto que te informamos poniendo a tu disposici\u00f3n la presente pol\u00edtica de privacidad, que tras la lectura de la misma, en caso de estar conforme, puedes aceptar mediante una declaraci\u00f3n o una clara acci\u00f3n afirmativa, como el marcado de una casilla dispuesta al efecto. En caso de que no nos facilites tus datos o lo hagas de forma err\u00f3nea o incompleta, no podremos atender tu solicitud, resultando del todo imposible proporcionarte la informaci\u00f3n solicitada.<\/li>\n<\/ol>\n<p><strong>Destinatarios:<\/strong><\/p>\n<p><strong>Cesiones de datos a terceros<\/strong><\/p>\n<p>\u00danicamente cederemos los datos personales en aquellos casos en que exista una obligaci\u00f3n legal para hacerlo. En estos casos los cesionarios de los datos suelen ser administraciones p\u00fablicas que tendr\u00e1n acceso a los datos en el marco de sus competencias. En cualquier otro caso solicitaremos el consentimiento previo y expl\u00edcito del titular de los datos, para proceder a su cesi\u00f3n.<\/p>\n<p><strong>Categor\u00eda de datos tratados<\/strong><\/p>\n<p>El Centro tratar\u00e1 la siguiente tipolog\u00eda de datos personales en ejercicio de su actividad:<\/p>\n<ul>\n<li>Datos identificativos.<\/li>\n<li>Datos econ\u00f3micos.<\/li>\n<li>Datos acad\u00e9micos.<\/li>\n<li>Datos curriculares.<\/li>\n<\/ul>\n<p>Datos sensibles (s\u00f3lo en el caso de los alumnos).<\/p>\n<p><strong>Derechos: <\/strong><\/p>\n<p><strong>Los titulares de los datos tienen derecho a:<\/strong><\/p>\n<ul>\n<li>Acceder a los datos personales.<\/li>\n<li>Rectificar los datos personales.<\/li>\n<li>Suprimir los datos personales.<\/li>\n<li>Presentar una denuncia o un escrito para la tutela de tus derechos ante la Agencia Espa\u00f1ola de Protecci\u00f3n de Datos o ante la agencia auton\u00f3mica de protecci\u00f3n de datos, en caso de que existiera.<\/li>\n<li>Ser informado de cualquier incidencia de seguridad que pueda afectar a sus derechos.<\/li>\n<\/ul>\n<p>El ejercicio de estos derechos puede realizarlo el propio usuario a trav\u00e9s de email a <a href=\"mailto:a8034138@xtec.cat\">a8034138@xtec.cat<\/a> o en la direcci\u00f3n: C \/Doctor Trueta 206. 08005 Barcelona<\/p>\n<\/div><\/div><\/div><\/div><\/div><\/div><\/div><\/section>\n","protected":false},"excerpt":{"rendered":"POL\u00cdTICA DE PRIVACIDAD Protecci\u00f3n de datos de car\u00e1cter personal seg\u00fan la LOPD Ley Org\u00e1nica 3\/2018, de 5 de diciembre, de Protecci\u00f3n de Datos Personales y garant\u00eda de los derechos digitales, en aplicaci\u00f3n de la normativa vigente en materia de protecci\u00f3n de datos de car\u00e1cter personal, informa que los datos personales que se recogen a trav\u00e9s...","protected":false},"author":1,"featured_media":0,"parent":0,"menu_order":0,"comment_status":"closed","ping_status":"open","template":"","meta":{"_acf_changed":false,"footnotes":"","_links_to":"","_links_to_target":""},"class_list":["post-4411","page","type-page","status-publish","hentry"],"acf":[],"yoast_head":"<!-- This site is optimized with the Yoast SEO plugin v25.4 - https:\/\/yoast.com\/wordpress\/plugins\/seo\/ -->\n<title>Privacy policy - Institut Poblenou<\/title>\n<meta name=\"robots\" content=\"noindex, follow\" \/>\n<meta property=\"og:locale\" content=\"en_US\" \/>\n<meta property=\"og:type\" content=\"article\" \/>\n<meta property=\"og:title\" content=\"Privacy policy - Institut Poblenou\" \/>\n<meta property=\"og:url\" content=\"https:\/\/institutpoblenou.cat\/en\/privacy-policy\/\" \/>\n<meta property=\"og:site_name\" content=\"Institut Poblenou\" \/>\n<meta property=\"article:modified_time\" content=\"2020-05-18T15:20:11+00:00\" \/>\n<meta name=\"twitter:card\" content=\"summary_large_image\" \/>\n<meta name=\"twitter:label1\" content=\"Est. reading time\" \/>\n\t<meta name=\"twitter:data1\" content=\"6 minutes\" \/>\n<script type=\"application\/ld+json\" class=\"yoast-schema-graph\">{\"@context\":\"https:\/\/schema.org\",\"@graph\":[{\"@type\":\"WebPage\",\"@id\":\"https:\/\/institutpoblenou.cat\/en\/privacy-policy\/\",\"url\":\"https:\/\/institutpoblenou.cat\/en\/privacy-policy\/\",\"name\":\"Privacy policy - Institut Poblenou\",\"isPartOf\":{\"@id\":\"https:\/\/institutpoblenou.cat\/en\/#website\"},\"datePublished\":\"2020-01-22T09:16:12+00:00\",\"dateModified\":\"2020-05-18T15:20:11+00:00\",\"breadcrumb\":{\"@id\":\"https:\/\/institutpoblenou.cat\/en\/privacy-policy\/#breadcrumb\"},\"inLanguage\":\"en-US\",\"potentialAction\":[{\"@type\":\"ReadAction\",\"target\":[\"https:\/\/institutpoblenou.cat\/en\/privacy-policy\/\"]}]},{\"@type\":\"BreadcrumbList\",\"@id\":\"https:\/\/institutpoblenou.cat\/en\/privacy-policy\/#breadcrumb\",\"itemListElement\":[{\"@type\":\"ListItem\",\"position\":1,\"name\":\"Portada\",\"item\":\"https:\/\/institutpoblenou.cat\/en\/\"},{\"@type\":\"ListItem\",\"position\":2,\"name\":\"Privacy policy\"}]},{\"@type\":\"WebSite\",\"@id\":\"https:\/\/institutpoblenou.cat\/en\/#website\",\"url\":\"https:\/\/institutpoblenou.cat\/en\/\",\"name\":\"Institut Poblenou\",\"description\":\"Otro sitio realizado con WordPress\",\"potentialAction\":[{\"@type\":\"SearchAction\",\"target\":{\"@type\":\"EntryPoint\",\"urlTemplate\":\"https:\/\/institutpoblenou.cat\/en\/?s={search_term_string}\"},\"query-input\":{\"@type\":\"PropertyValueSpecification\",\"valueRequired\":true,\"valueName\":\"search_term_string\"}}],\"inLanguage\":\"en-US\"}]}<\/script>\n<!-- \/ Yoast SEO plugin. -->","yoast_head_json":{"title":"Privacy policy - Institut Poblenou","robots":{"index":"noindex","follow":"follow"},"og_locale":"en_US","og_type":"article","og_title":"Privacy policy - Institut Poblenou","og_url":"https:\/\/institutpoblenou.cat\/en\/privacy-policy\/","og_site_name":"Institut Poblenou","article_modified_time":"2020-05-18T15:20:11+00:00","twitter_card":"summary_large_image","twitter_misc":{"Est. reading time":"6 minutes"},"schema":{"@context":"https:\/\/schema.org","@graph":[{"@type":"WebPage","@id":"https:\/\/institutpoblenou.cat\/en\/privacy-policy\/","url":"https:\/\/institutpoblenou.cat\/en\/privacy-policy\/","name":"Privacy policy - Institut Poblenou","isPartOf":{"@id":"https:\/\/institutpoblenou.cat\/en\/#website"},"datePublished":"2020-01-22T09:16:12+00:00","dateModified":"2020-05-18T15:20:11+00:00","breadcrumb":{"@id":"https:\/\/institutpoblenou.cat\/en\/privacy-policy\/#breadcrumb"},"inLanguage":"en-US","potentialAction":[{"@type":"ReadAction","target":["https:\/\/institutpoblenou.cat\/en\/privacy-policy\/"]}]},{"@type":"BreadcrumbList","@id":"https:\/\/institutpoblenou.cat\/en\/privacy-policy\/#breadcrumb","itemListElement":[{"@type":"ListItem","position":1,"name":"Portada","item":"https:\/\/institutpoblenou.cat\/en\/"},{"@type":"ListItem","position":2,"name":"Privacy policy"}]},{"@type":"WebSite","@id":"https:\/\/institutpoblenou.cat\/en\/#website","url":"https:\/\/institutpoblenou.cat\/en\/","name":"Institut Poblenou","description":"Otro sitio realizado con WordPress","potentialAction":[{"@type":"SearchAction","target":{"@type":"EntryPoint","urlTemplate":"https:\/\/institutpoblenou.cat\/en\/?s={search_term_string}"},"query-input":{"@type":"PropertyValueSpecification","valueRequired":true,"valueName":"search_term_string"}}],"inLanguage":"en-US"}]}},"_links":{"self":[{"href":"https:\/\/institutpoblenou.cat\/en\/wp-json\/wp\/v2\/pages\/4411","targetHints":{"allow":["GET"]}}],"collection":[{"href":"https:\/\/institutpoblenou.cat\/en\/wp-json\/wp\/v2\/pages"}],"about":[{"href":"https:\/\/institutpoblenou.cat\/en\/wp-json\/wp\/v2\/types\/page"}],"author":[{"embeddable":true,"href":"https:\/\/institutpoblenou.cat\/en\/wp-json\/wp\/v2\/users\/1"}],"replies":[{"embeddable":true,"href":"https:\/\/institutpoblenou.cat\/en\/wp-json\/wp\/v2\/comments?post=4411"}],"version-history":[{"count":3,"href":"https:\/\/institutpoblenou.cat\/en\/wp-json\/wp\/v2\/pages\/4411\/revisions"}],"predecessor-version":[{"id":5343,"href":"https:\/\/institutpoblenou.cat\/en\/wp-json\/wp\/v2\/pages\/4411\/revisions\/5343"}],"wp:attachment":[{"href":"https:\/\/institutpoblenou.cat\/en\/wp-json\/wp\/v2\/media?parent=4411"}],"curies":[{"name":"wp","href":"https:\/\/api.w.org\/{rel}","templated":true}]}}