{"id":10367,"date":"2025-04-21T20:21:03","date_gmt":"2025-04-21T20:21:03","guid":{"rendered":"https:\/\/institutpoblenou.cat\/el-instituto\/asociacion-de-alumnas\/"},"modified":"2025-04-21T20:21:04","modified_gmt":"2025-04-21T20:21:04","slug":"asociacion-de-alumnas","status":"publish","type":"page","link":"https:\/\/institutpoblenou.cat\/sp\/el-instituto\/asociacion-de-alumnas\/","title":{"rendered":"Asociaci\u00f3n de alumnas"},"content":{"rendered":"<section class=\"l-section wpb_row height_medium inner-md with_img\" id=\"hd-md\"><div class=\"l-section-img\" style=\"background-image: url(https:\/\/institutpoblenou.cat\/wp-content\/uploads\/2020\/03\/comercio-marketing-header.jpg);\" data-img-width=\"1450\" data-img-height=\"748\"><\/div><div class=\"l-section-h i-cf\"><div class=\"g-cols vc_row type_default valign_top\"><div class=\"vc_col-sm-12 wpb_column vc_column_container\"><div class=\"vc_column-inner\"><div class=\"wpb_wrapper\"><div class=\"wpb_text_column sub-ttl\"><div class=\"wpb_wrapper\"><h3>El Instituto<\/h3>\n<\/div><\/div><div class=\"wpb_text_column ttl\"><div class=\"wpb_wrapper\"><h1>Asociaci\u00f3n de Alumnos<\/h1>\n<\/div><\/div><p class=\"w-text align_left\"><a class=\"w-text-h\" href=\"#prllx-md\"><i class=\"fas fa-caret-down\"><\/i><span class=\"w-text-value\">Impulsa tu futuro en tan solo un clic<\/span><\/a><\/p><\/div><\/div><\/div><\/div><\/div><\/section><section class=\"l-section wpb_row height_medium\"><div class=\"l-section-h i-cf\"><div class=\"g-cols vc_row type_default valign_top\"><div class=\"vc_col-sm-12 wpb_column vc_column_container\"><div class=\"vc_column-inner\"><div class=\"wpb_wrapper\"><div class=\"wpb_text_column sub-ttl\"><div class=\"wpb_wrapper\"><h3 style=\"text-align: center;\">Asociaci\u00f3n de alumnos del Institut Poblenou<\/h3>\n<\/div><\/div><div class=\"wpb_text_column txt\"><div class=\"wpb_wrapper\"><p style=\"text-align: center;\">La <strong>asociaci\u00f3n de estudiantes del Instituto Poblenou<\/strong> nace con la vocaci\u00f3n de fortalecer el v\u00ednculo entre el centro, el alumnado actual y el ex-alumnado. Queremos establecer una relaci\u00f3n duradera entre el Instituto y vosotros mientras sois estudiantes, una vez finalizada la etapa escolar. <\/p>\n<p style=\"text-align: center;\"><img loading=\"lazy\" decoding=\"async\" class=\"alignnone size-full wp-image-2103\" src=\"https:\/\/institutpoblenou.cat\/wp-content\/uploads\/2020\/04\/Logo-Asociacion-estudiantes.jpg\" alt=\"asociaci\u00f3n de estudiantes del Instituto Poblenou\" width=\"200\" height=\"225\"><\/p>\n<h3 style=\"text-align: center;\"><strong>A trav\u00e9s de esta asociaci\u00f3n del Instituto Poblenou pretende:<\/strong><\/h3>\n<ul style=\"text-align: center;\">\n<li style=\"text-align: center;\"><strong>Acercar al alumnado actual a la asociaci\u00f3n a trav\u00e9s de actos l\u00fadicos y formativos<\/strong><br \/><em><em>(charlas de temas concretos que interesan a los miembros, charlas con ex alumnos, etc)<\/em><\/em><\/li>\n<li style=\"text-align: center;\"><strong>Enviar al exalumnado informaci\u00f3n que nos llega por los j\u00f3venes graduados que buscan trabajo:<\/strong><br \/>ofertas de trabajo, becas, programas sociales y juveniles, dirigidos directamente a los graduados \/ as.<\/li>\n<li style=\"text-align: center;\"><strong>Conocer las necesidades del alumnado reci\u00e9n graduado para ayudarles y darles respuesta:<\/strong><br \/><em>(formaci\u00f3n en idiomas, orientaci\u00f3n laboral, formaci\u00f3n concreta para graduados de cada ciclo&#8230; )<\/em><\/li>\n<\/ul>\n<\/div><\/div><div class=\"w-separator size_large\"><\/div><div class=\"wpb_text_column sub-ttl\"><div class=\"wpb_wrapper\"><h3 style=\"text-align: center;\">Forma parte de la Asociaci\u00f3n<\/h3>\n<p style=\"text-align: center;\">Desde aqu\u00ed te animan a que formes parte y puedas disfrutar de todas las ventajas que te ofreceremos ahora y en el futuro.<\/p>\n<\/div><\/div><div class=\"w-btn-wrapper width_auto align_center\"><a class=\"w-btn us-btn-style_1\" href=\"https:\/\/forms.gle\/E3ZaJBg1GbUeuyr78\" target=\"_blank\" rel=\"noopener\"><span class=\"w-btn-label\">Inscr\u00edbete ahora<\/span><\/a><\/div><div class=\"w-separator size_large\"><\/div><div class=\"wpb_text_column txt\"><div class=\"wpb_wrapper\"><p style=\"text-align: center;\">La asociaci\u00f3n se gestiona a trav\u00e9s de un grupo de alumnos voluntarios, con la colaboraci\u00f3n del equipo directivo y el profesorado. Se trata de ofrecer servicios de diferentes tipos a aquellos miembros que formen parte de la asociaci\u00f3n, de escuchar sus necesidades y propuestas. <\/p>\n<p style=\"text-align: center;\"><iframe loading=\"lazy\" src=\"https:\/\/www.youtube.com\/embed\/d4E3Cvm7UH4\" width=\"560\" height=\"315\" frameborder=\"0\" allowfullscreen=\"allowfullscreen\"><\/iframe><\/p>\n<\/div><\/div><\/div><\/div><\/div><\/div><\/div><\/section><section class=\"l-section wpb_row height_medium\" id=\"social-share\"><div class=\"l-section-h i-cf\"><div class=\"g-cols vc_row type_default valign_top\"><div class=\"vc_col-sm-12 wpb_column vc_column_container\"><div class=\"vc_column-inner\"><div class=\"wpb_wrapper\"><div class=\"wpb_text_column\"><div class=\"wpb_wrapper\"><h4 style=\"text-align: center;\">\u00bfTe ha gustado lo que contamos?<br \/>Comparte con tus amigos<\/h4>\n<\/div><\/div><div class=\"w-sharing type_solid align_center color_default\"><div class=\"w-sharing-list\" data-sharing-url=\"https:\/\/institutpoblenou.cat\/sp\/wp-json\/wp\/v2\/pages\/10367\" data-sharing-image=\"\"><a class=\"w-sharing-item email\" href=\"javascript:void(0)\" title=\"Email this\" aria-label=\"Email this\"><span class=\"w-sharing-icon\"><\/span><\/a><a class=\"w-sharing-item facebook\" href=\"javascript:void(0)\" title=\"Share this\" aria-label=\"Share this\"><span class=\"w-sharing-icon\"><\/span><\/a><a class=\"w-sharing-item linkedin\" href=\"javascript:void(0)\" title=\"Share this\" aria-label=\"Share this\"><span class=\"w-sharing-icon\"><\/span><\/a><\/div><\/div><\/div><\/div><\/div><\/div><\/div><\/section><section class=\"l-section wpb_row height_medium with_img parallax_ver\" id=\"prllx-md\"><div class=\"l-section-img\" style=\"background-image: url(https:\/\/institutpoblenou.cat\/wp-content\/uploads\/2020\/03\/El-instituto-parallax.jpg);\" data-img-width=\"1450\" data-img-height=\"1371\"><\/div><div class=\"l-section-h i-cf\"><div class=\"g-cols vc_row type_default valign_top\"><div class=\"vc_col-sm-12 wpb_column vc_column_container\"><div class=\"vc_column-inner\"><div class=\"wpb_wrapper\"><div class=\"w-image align_center\"><div class=\"w-image-h\"><img loading=\"lazy\" decoding=\"async\" width=\"104\" height=\"104\" src=\"https:\/\/institutpoblenou.cat\/wp-content\/uploads\/2020\/01\/parallax-img-ecaib.png\" class=\"attachment-full size-full\" alt=\"\" \/><\/div><\/div><div class=\"wpb_text_column sub-ttl\"><div class=\"wpb_wrapper\"><h3 style=\"text-align: center;\">Impulsa tu futuro con un solo clic<\/h3>\n<\/div><\/div><div class=\"wpb_text_column txt\"><div class=\"wpb_wrapper\"><p style=\"text-align: center;\">\u00bfQuieres desarrollar tu carrera con un grado de Formaci\u00f3n Profesional o un Programa de Formaci\u00f3n e Inserci\u00f3n? Dejanos tus datos y estaremos encantados de asesorarte para que trobes la opci\u00f3n que m\u00e1s se adapta a ti. <\/p>\n<\/div><\/div><div class=\"g-cols wpb_row  type_default valign_top vc_inner form-md\"><div class=\"vc_col-sm-12 wpb_column vc_column_container\"><div class=\"vc_column-inner\"><div class=\"wpb_wrapper\">\n<div class=\"wpcf7 no-js\" id=\"wpcf7-f5-o1\" lang=\"es-ES\" dir=\"ltr\" data-wpcf7-id=\"5\">\n<div class=\"screen-reader-response\"><p role=\"status\" aria-live=\"polite\" aria-atomic=\"true\"><\/p> <ul><\/ul><\/div>\n<form action=\"\/sp\/wp-json\/wp\/v2\/pages\/10367#wpcf7-f5-o1\" method=\"post\" class=\"wpcf7-form init wpcf7-acceptance-as-validation\" aria-label=\"Contact form\" novalidate=\"novalidate\" data-status=\"init\">\n<fieldset class=\"hidden-fields-container\"><input type=\"hidden\" name=\"_wpcf7\" value=\"5\" \/><input type=\"hidden\" name=\"_wpcf7_version\" value=\"6.1\" \/><input type=\"hidden\" name=\"_wpcf7_locale\" value=\"es_ES\" \/><input type=\"hidden\" name=\"_wpcf7_unit_tag\" value=\"wpcf7-f5-o1\" \/><input type=\"hidden\" name=\"_wpcf7_container_post\" value=\"0\" \/><input type=\"hidden\" name=\"_wpcf7_posted_data_hash\" value=\"\" \/><input type=\"hidden\" name=\"_wpcf7_recaptcha_response\" value=\"\" \/>\n<\/fieldset>\n<div class=\"form-prllx\">\n\t<div class=\"form-left\">\n\t\t<div class=\"half\">\n\t\t\t<p><span class=\"wpcf7-form-control-wrap\" data-name=\"your-name\"><input size=\"40\" maxlength=\"400\" class=\"wpcf7-form-control wpcf7-text wpcf7-validates-as-required\" aria-required=\"true\" aria-invalid=\"false\" placeholder=\"Nombre\" value=\"\" type=\"text\" name=\"your-name\" \/><\/span><span class=\"wpcf7-form-control-wrap\" data-name=\"your-email\"><input size=\"40\" maxlength=\"400\" class=\"wpcf7-form-control wpcf7-email wpcf7-validates-as-required wpcf7-text wpcf7-validates-as-email\" aria-required=\"true\" aria-invalid=\"false\" placeholder=\"Email\" value=\"\" type=\"email\" name=\"your-email\" \/><\/span><span class=\"wpcf7-form-control-wrap\" data-name=\"your-phone\"><input size=\"40\" maxlength=\"400\" class=\"wpcf7-form-control wpcf7-tel wpcf7-validates-as-required wpcf7-text wpcf7-validates-as-tel\" aria-required=\"true\" aria-invalid=\"false\" placeholder=\"Tel\u00e9fono\" value=\"\" type=\"tel\" name=\"your-phone\" \/><\/span><span class=\"wpcf7-form-control-wrap\" data-name=\"your-hour\"><select class=\"wpcf7-form-control wpcf7-select wpcf7-validates-as-required\" aria-required=\"true\" aria-invalid=\"false\" name=\"your-hour\"><option value=\"\">Tema de consulta<\/option><option value=\"Plazas disponibles\">Plazas disponibles<\/option><option value=\"Certificados y tr\u00e1mites\">Certificados y tr\u00e1mites<\/option><option value=\"Informaci\u00f3n ciclos\">Informaci\u00f3n ciclos<\/option><option value=\"Requisitos acceso\">Requisitos acceso<\/option><option value=\"Informaci\u00f3n PFI\">Informaci\u00f3n PFI<\/option><option value=\"Informaci\u00f3n IFE\">Informaci\u00f3n IFE<\/option><\/select><\/span><span class=\"wpcf7-form-control-wrap\" data-name=\"your-cicle\"><select class=\"wpcf7-form-control wpcf7-select wpcf7-validates-as-required\" aria-required=\"true\" aria-invalid=\"false\" name=\"your-cicle\"><option value=\"\">Ciclo formativo<\/option><option value=\"GM Gesti\u00f3n Administrativa\">GM Gesti\u00f3n Administrativa<\/option><option value=\"GM Actividades Comerciales\">GM Actividades Comerciales<\/option><option value=\"GM Sistemas Microinform\u00e1ticos y Redes i xarxes\">GM Sistemas Microinform\u00e1ticos y Redes i xarxes<\/option><option value=\"GS Administraci\u00f3n y Finanzas\">GS Administraci\u00f3n y Finanzas<\/option><option value=\"GS Seguros (Administraci\u00f3n y Finanzas)\">GS Seguros (Administraci\u00f3n y Finanzas)<\/option><option value=\"GS Comercio Internacional\">GS Comercio Internacional<\/option><option value=\"GS Gesti\u00f3n de Ventas y Espacios Comerciales\">GS Gesti\u00f3n de Ventas y Espacios Comerciales<\/option><option value=\"GS Marketing y Publicidad\">GS Marketing y Publicidad<\/option><option value=\"GS Marketing Digital\">GS Marketing Digital<\/option><option value=\"GS Desarrollo de Aplicaciones Multiplataforma\">GS Desarrollo de Aplicaciones Multiplataforma<\/option><option value=\"GS Administraci\u00f3n de Sistemas Inform\u00e1ticos en Red\">GS Administraci\u00f3n de Sistemas Inform\u00e1ticos en Red<\/option><option value=\"PFI Auxiliar de Actividades de Oficina\">PFI Auxiliar de Actividades de Oficina<\/option><option value=\"PFI Auxiliar de Montaje i Mantenimento de Equipos Inform\u00e1ticos\">PFI Auxiliar de Montaje i Mantenimento de Equipos Inform\u00e1ticos<\/option><option value=\"PFI Auxiliar de Ventas, Oficina i Atenci\u00f3n al P\u00fablico\">PFI Auxiliar de Ventas, Oficina i Atenci\u00f3n al P\u00fablico<\/option><option value=\"PFI Auxiliar de Comercio i Atenci\u00f3n al P\u00fablico\">PFI Auxiliar de Comercio i Atenci\u00f3n al P\u00fablico<\/option><option value=\"IFE Auxiliar en Ventas i Atenci\u00f3n al P\u00fablico\">IFE Auxiliar en Ventas i Atenci\u00f3n al P\u00fablico<\/option><\/select><\/span>\n\t\t\t<\/p>\n\t\t<\/div>\n\t\t<div class=\"half\">\n\t\t\t<p><span class=\"wpcf7-form-control-wrap\" data-name=\"your-textarea\"><textarea cols=\"40\" rows=\"10\" maxlength=\"2000\" class=\"wpcf7-form-control wpcf7-textarea\" aria-invalid=\"false\" placeholder=\"\u00bfQuieres especificar tu consulta?\" name=\"your-textarea\"><\/textarea><\/span>\n\t\t\t<\/p>\n\t\t<\/div>\n\t<\/div>\n\t<div class=\"enviar\">\n\t\t<p><input class=\"wpcf7-form-control wpcf7-submit has-spinner\" type=\"submit\" value=\"Solicita informaci\u00f3n\" \/>\n\t\t<\/p>\n\t<\/div>\n<\/div>\n<div class=\"legal\">\n\t<p><span class=\"wpcf7-form-control-wrap\" data-name=\"acceptance-646\"><span class=\"wpcf7-form-control wpcf7-acceptance\"><span class=\"wpcf7-list-item\"><label><input type=\"checkbox\" name=\"acceptance-646\" value=\"1\" aria-invalid=\"false\" \/><span class=\"wpcf7-list-item-label\">*Acepto los <a href=\"\/politica-privacidad\/\" target=\"_blank\">t\u00e9rminos y condiciones<\/a><\/span><\/label><\/span><\/span><\/span><br \/>\n<span class=\"wpcf7-form-control-wrap\" data-name=\"acceptance-647\"><span class=\"wpcf7-form-control wpcf7-acceptance optional\"><span class=\"wpcf7-list-item\"><label><input type=\"checkbox\" name=\"acceptance-647\" value=\"1\" aria-invalid=\"false\" \/><span class=\"wpcf7-list-item-label\">*Quiero recibir respuesta del Institut Poblenou<\/span><\/label><\/span><\/span><\/span>\n\t<\/p>\n<\/div>\n<p style=\"margin:0; padding:0; line-height: 0; Height:0;\"><span id=\"wpcf7-69d279d5ac221-wrapper\" class=\"wpcf7-form-control-wrap honeypot-781-wrap\" style=\"display:none !important; visibility:hidden !important;\"><label for=\"hddn-form\" class=\"hp-message\">Please leave this field empty.<\/label><input id=\"hddn-form\"  class=\"wpcf7-form-control wpcf7-text\" type=\"text\" name=\"honeypot-781\" value=\"\" size=\"40\" tabindex=\"-1\" autocomplete=\"new-password\" \/><\/span>\n<\/p><div class=\"wpcf7-response-output\" aria-hidden=\"true\"><\/div>\n<\/form>\n<\/div>\n<\/div><\/div><\/div><\/div><\/div><\/div><\/div><\/div><\/div><\/section><section class=\"l-section wpb_row height_medium width_full\" id=\"icon-md\"><div class=\"l-section-h i-cf\"><div class=\"g-cols vc_row type_default valign_top\"><div class=\"vc_col-sm-4 wpb_column vc_column_container has-fill has-link\"><div class=\"vc_column-inner us_custom_348782fb \"><div class=\"wpb_wrapper\"><div class=\"w-iconbox iconpos_top style_default color_custom align_center no_text icontype_img\"><div class=\"w-iconbox-icon\"><img loading=\"lazy\" decoding=\"async\" width=\"63\" height=\"62\" src=\"https:\/\/institutpoblenou.cat\/wp-content\/uploads\/2020\/01\/formacion-dual.png\" class=\"attachment-full size-full\" alt=\"\" \/><\/div><div class=\"w-iconbox-meta\"><h4 class=\"w-iconbox-title\" style=\"font-size:26.5px;\">Formaci\u00f3n dual<\/h4><\/div><\/div><\/div><a class=\"vc_column-link smooth-scroll\" href=\"https:\/\/institutpoblenou.cat\/es\/formacion\/que-es-la-fp-dual\/\" title=\"FP Dual\"><\/a><\/div><\/div><div class=\"vc_col-sm-4 wpb_column vc_column_container has-fill has-link\"><div class=\"vc_column-inner us_custom_348782fb \"><div class=\"wpb_wrapper\"><div class=\"w-iconbox iconpos_top style_default color_custom align_center no_text icontype_img\"><div class=\"w-iconbox-icon\"><img loading=\"lazy\" decoding=\"async\" width=\"68\" height=\"64\" src=\"https:\/\/institutpoblenou.cat\/wp-content\/uploads\/2020\/01\/bolsa-de-trabajo.png\" class=\"attachment-full size-full\" alt=\"\" \/><\/div><div class=\"w-iconbox-meta\"><h4 class=\"w-iconbox-title\" style=\"font-size:26.5px;\">Bolsa de trabajo<\/h4><\/div><\/div><\/div><a class=\"vc_column-link smooth-scroll\" href=\"https:\/\/institutpoblenou.cat\/es\/servicios\/bolsa-de-trabajo\/\" title=\"Bolsa de trabajo\"><\/a><\/div><\/div><div class=\"vc_col-sm-4 wpb_column vc_column_container has-fill has-link\"><div class=\"vc_column-inner us_custom_348782fb \"><div class=\"wpb_wrapper\"><div class=\"w-iconbox iconpos_top style_default color_custom align_center no_text icontype_img\"><div class=\"w-iconbox-icon\"><img loading=\"lazy\" decoding=\"async\" width=\"63\" height=\"63\" src=\"https:\/\/institutpoblenou.cat\/wp-content\/uploads\/2020\/01\/erasmus.png\" class=\"attachment-full size-full\" alt=\"\" \/><\/div><div class=\"w-iconbox-meta\"><h4 class=\"w-iconbox-title\" style=\"font-size:26.5px;\">Erasmus+<\/h4><\/div><\/div><\/div><a class=\"vc_column-link smooth-scroll\" href=\"https:\/\/institutpoblenou.cat\/es\/erasmus\/\" title=\"ERASMUS+\"><\/a><\/div><\/div><\/div><\/div><\/section><section class=\"l-section wpb_row height_medium\" id=\"blog-md\"><div class=\"l-section-h i-cf\"><div class=\"g-cols vc_row type_default valign_top\"><div class=\"vc_col-sm-12 wpb_column vc_column_container\"><div class=\"vc_column-inner\"><div class=\"wpb_wrapper\"><div class=\"wpb_text_column sub-ttl\"><div class=\"wpb_wrapper\"><h3 style=\"text-align: center;\">El blog del Institut Poblenou<\/h3>\n<\/div><\/div><h4 class=\"w-grid-none\">No results found.<\/h4><\/div><\/div><\/div><\/div><\/div><\/section>\n","protected":false},"excerpt":{"rendered":"El Instituto Asociaci\u00f3n de Alumnos Impulsa tu futuro en tan solo un clic Asociaci\u00f3n de alumnos del Institut Poblenou La asociaci\u00f3n de estudiantes del Instituto Poblenou nace con la vocaci\u00f3n de fortalecer el v\u00ednculo entre el centro, el alumnado actual y el ex-alumnado. Queremos establecer una relaci\u00f3n duradera entre el Instituto y vosotros mientras sois...","protected":false},"author":2,"featured_media":0,"parent":10366,"menu_order":0,"comment_status":"closed","ping_status":"closed","template":"","meta":{"_acf_changed":false,"footnotes":"","_links_to":"","_links_to_target":""},"class_list":["post-10367","page","type-page","status-publish","hentry"],"acf":[],"yoast_head":"<!-- This site is optimized with the Yoast SEO plugin v25.4 - https:\/\/yoast.com\/wordpress\/plugins\/seo\/ -->\n<title>Asociaci\u00f3n de alumnas - Institut Poblenou<\/title>\n<meta name=\"robots\" content=\"index, follow, max-snippet:-1, max-image-preview:large, max-video-preview:-1\" \/>\n<link rel=\"canonical\" href=\"https:\/\/institutpoblenou.cat\/sp\/el-instituto\/asociacion-de-alumnas\/\" \/>\n<meta property=\"og:locale\" content=\"es_MX\" \/>\n<meta property=\"og:type\" content=\"article\" \/>\n<meta property=\"og:title\" content=\"Asociaci\u00f3n de alumnas - Institut Poblenou\" \/>\n<meta property=\"og:url\" content=\"https:\/\/institutpoblenou.cat\/sp\/el-instituto\/asociacion-de-alumnas\/\" \/>\n<meta property=\"og:site_name\" content=\"Institut Poblenou\" \/>\n<meta property=\"article:modified_time\" content=\"2025-04-21T20:21:04+00:00\" \/>\n<meta property=\"og:image\" content=\"https:\/\/institutpoblenou.cat\/wp-content\/uploads\/2020\/04\/Logo-Asociacion-estudiantes.jpg\" \/>\n<meta name=\"twitter:card\" content=\"summary_large_image\" \/>\n<meta name=\"twitter:label1\" content=\"Est. reading time\" \/>\n\t<meta name=\"twitter:data1\" content=\"4 minutes\" \/>\n<script type=\"application\/ld+json\" class=\"yoast-schema-graph\">{\"@context\":\"https:\/\/schema.org\",\"@graph\":[{\"@type\":\"WebPage\",\"@id\":\"https:\/\/institutpoblenou.cat\/sp\/el-instituto\/asociacion-de-alumnas\/\",\"url\":\"https:\/\/institutpoblenou.cat\/sp\/el-instituto\/asociacion-de-alumnas\/\",\"name\":\"Asociaci\u00f3n de alumnas - Institut Poblenou\",\"isPartOf\":{\"@id\":\"https:\/\/institutpoblenou.cat\/sp\/#website\"},\"primaryImageOfPage\":{\"@id\":\"https:\/\/institutpoblenou.cat\/sp\/el-instituto\/asociacion-de-alumnas\/#primaryimage\"},\"image\":{\"@id\":\"https:\/\/institutpoblenou.cat\/sp\/el-instituto\/asociacion-de-alumnas\/#primaryimage\"},\"thumbnailUrl\":\"https:\/\/institutpoblenou.cat\/wp-content\/uploads\/2020\/04\/Logo-Asociacion-estudiantes.jpg\",\"datePublished\":\"2025-04-21T20:21:03+00:00\",\"dateModified\":\"2025-04-21T20:21:04+00:00\",\"breadcrumb\":{\"@id\":\"https:\/\/institutpoblenou.cat\/sp\/el-instituto\/asociacion-de-alumnas\/#breadcrumb\"},\"inLanguage\":\"es-MX\",\"potentialAction\":[{\"@type\":\"ReadAction\",\"target\":[\"https:\/\/institutpoblenou.cat\/sp\/el-instituto\/asociacion-de-alumnas\/\"]}]},{\"@type\":\"ImageObject\",\"inLanguage\":\"es-MX\",\"@id\":\"https:\/\/institutpoblenou.cat\/sp\/el-instituto\/asociacion-de-alumnas\/#primaryimage\",\"url\":\"https:\/\/institutpoblenou.cat\/wp-content\/uploads\/2020\/04\/Logo-Asociacion-estudiantes.jpg\",\"contentUrl\":\"https:\/\/institutpoblenou.cat\/wp-content\/uploads\/2020\/04\/Logo-Asociacion-estudiantes.jpg\"},{\"@type\":\"BreadcrumbList\",\"@id\":\"https:\/\/institutpoblenou.cat\/sp\/el-instituto\/asociacion-de-alumnas\/#breadcrumb\",\"itemListElement\":[{\"@type\":\"ListItem\",\"position\":1,\"name\":\"Portada\",\"item\":\"https:\/\/institutpoblenou.cat\/sp\/\"},{\"@type\":\"ListItem\",\"position\":2,\"name\":\"El Instituto\",\"item\":\"https:\/\/institutpoblenou.cat\/sp\/el-instituto\/\"},{\"@type\":\"ListItem\",\"position\":3,\"name\":\"Asociaci\u00f3n de alumnas\"}]},{\"@type\":\"WebSite\",\"@id\":\"https:\/\/institutpoblenou.cat\/sp\/#website\",\"url\":\"https:\/\/institutpoblenou.cat\/sp\/\",\"name\":\"Institut Poblenou\",\"description\":\"Otro sitio realizado con WordPress\",\"potentialAction\":[{\"@type\":\"SearchAction\",\"target\":{\"@type\":\"EntryPoint\",\"urlTemplate\":\"https:\/\/institutpoblenou.cat\/sp\/?s={search_term_string}\"},\"query-input\":{\"@type\":\"PropertyValueSpecification\",\"valueRequired\":true,\"valueName\":\"search_term_string\"}}],\"inLanguage\":\"es-MX\"}]}<\/script>\n<!-- \/ Yoast SEO plugin. -->","yoast_head_json":{"title":"Asociaci\u00f3n de alumnas - Institut Poblenou","robots":{"index":"index","follow":"follow","max-snippet":"max-snippet:-1","max-image-preview":"max-image-preview:large","max-video-preview":"max-video-preview:-1"},"canonical":"https:\/\/institutpoblenou.cat\/sp\/el-instituto\/asociacion-de-alumnas\/","og_locale":"es_MX","og_type":"article","og_title":"Asociaci\u00f3n de alumnas - Institut Poblenou","og_url":"https:\/\/institutpoblenou.cat\/sp\/el-instituto\/asociacion-de-alumnas\/","og_site_name":"Institut Poblenou","article_modified_time":"2025-04-21T20:21:04+00:00","og_image":[{"url":"https:\/\/institutpoblenou.cat\/wp-content\/uploads\/2020\/04\/Logo-Asociacion-estudiantes.jpg","type":"","width":"","height":""}],"twitter_card":"summary_large_image","twitter_misc":{"Est. reading time":"4 minutes"},"schema":{"@context":"https:\/\/schema.org","@graph":[{"@type":"WebPage","@id":"https:\/\/institutpoblenou.cat\/sp\/el-instituto\/asociacion-de-alumnas\/","url":"https:\/\/institutpoblenou.cat\/sp\/el-instituto\/asociacion-de-alumnas\/","name":"Asociaci\u00f3n de alumnas - Institut Poblenou","isPartOf":{"@id":"https:\/\/institutpoblenou.cat\/sp\/#website"},"primaryImageOfPage":{"@id":"https:\/\/institutpoblenou.cat\/sp\/el-instituto\/asociacion-de-alumnas\/#primaryimage"},"image":{"@id":"https:\/\/institutpoblenou.cat\/sp\/el-instituto\/asociacion-de-alumnas\/#primaryimage"},"thumbnailUrl":"https:\/\/institutpoblenou.cat\/wp-content\/uploads\/2020\/04\/Logo-Asociacion-estudiantes.jpg","datePublished":"2025-04-21T20:21:03+00:00","dateModified":"2025-04-21T20:21:04+00:00","breadcrumb":{"@id":"https:\/\/institutpoblenou.cat\/sp\/el-instituto\/asociacion-de-alumnas\/#breadcrumb"},"inLanguage":"es-MX","potentialAction":[{"@type":"ReadAction","target":["https:\/\/institutpoblenou.cat\/sp\/el-instituto\/asociacion-de-alumnas\/"]}]},{"@type":"ImageObject","inLanguage":"es-MX","@id":"https:\/\/institutpoblenou.cat\/sp\/el-instituto\/asociacion-de-alumnas\/#primaryimage","url":"https:\/\/institutpoblenou.cat\/wp-content\/uploads\/2020\/04\/Logo-Asociacion-estudiantes.jpg","contentUrl":"https:\/\/institutpoblenou.cat\/wp-content\/uploads\/2020\/04\/Logo-Asociacion-estudiantes.jpg"},{"@type":"BreadcrumbList","@id":"https:\/\/institutpoblenou.cat\/sp\/el-instituto\/asociacion-de-alumnas\/#breadcrumb","itemListElement":[{"@type":"ListItem","position":1,"name":"Portada","item":"https:\/\/institutpoblenou.cat\/sp\/"},{"@type":"ListItem","position":2,"name":"El Instituto","item":"https:\/\/institutpoblenou.cat\/sp\/el-instituto\/"},{"@type":"ListItem","position":3,"name":"Asociaci\u00f3n de alumnas"}]},{"@type":"WebSite","@id":"https:\/\/institutpoblenou.cat\/sp\/#website","url":"https:\/\/institutpoblenou.cat\/sp\/","name":"Institut Poblenou","description":"Otro sitio realizado con WordPress","potentialAction":[{"@type":"SearchAction","target":{"@type":"EntryPoint","urlTemplate":"https:\/\/institutpoblenou.cat\/sp\/?s={search_term_string}"},"query-input":{"@type":"PropertyValueSpecification","valueRequired":true,"valueName":"search_term_string"}}],"inLanguage":"es-MX"}]}},"_links":{"self":[{"href":"https:\/\/institutpoblenou.cat\/sp\/wp-json\/wp\/v2\/pages\/10367","targetHints":{"allow":["GET"]}}],"collection":[{"href":"https:\/\/institutpoblenou.cat\/sp\/wp-json\/wp\/v2\/pages"}],"about":[{"href":"https:\/\/institutpoblenou.cat\/sp\/wp-json\/wp\/v2\/types\/page"}],"author":[{"embeddable":true,"href":"https:\/\/institutpoblenou.cat\/sp\/wp-json\/wp\/v2\/users\/2"}],"replies":[{"embeddable":true,"href":"https:\/\/institutpoblenou.cat\/sp\/wp-json\/wp\/v2\/comments?post=10367"}],"version-history":[{"count":2,"href":"https:\/\/institutpoblenou.cat\/sp\/wp-json\/wp\/v2\/pages\/10367\/revisions"}],"predecessor-version":[{"id":10370,"href":"https:\/\/institutpoblenou.cat\/sp\/wp-json\/wp\/v2\/pages\/10367\/revisions\/10370"}],"up":[{"embeddable":true,"href":"https:\/\/institutpoblenou.cat\/sp\/wp-json\/wp\/v2\/pages\/10366"}],"wp:attachment":[{"href":"https:\/\/institutpoblenou.cat\/sp\/wp-json\/wp\/v2\/media?parent=10367"}],"curies":[{"name":"wp","href":"https:\/\/api.w.org\/{rel}","templated":true}]}}