{"id":10605,"date":"2025-04-21T21:07:14","date_gmt":"2025-04-21T21:07:14","guid":{"rendered":"https:\/\/institutpoblenou.cat\/politica-de-cookies\/"},"modified":"2025-04-21T21:07:15","modified_gmt":"2025-04-21T21:07:15","slug":"politica-de-cookies","status":"publish","type":"page","link":"https:\/\/institutpoblenou.cat\/sp\/politica-de-cookies\/","title":{"rendered":"Pol\u00edtica de cookies"},"content":{"rendered":"<section class=\"l-section wpb_row height_medium\"><div class=\"l-section-h i-cf\"><div class=\"g-cols vc_row type_default valign_top\"><div class=\"vc_col-sm-12 wpb_column vc_column_container\"><div class=\"vc_column-inner\"><div class=\"wpb_wrapper\"><div class=\"wpb_text_column sub-ttl\"><div class=\"wpb_wrapper\"><h3>POL\u00cdTICA DE COOKIES<\/h3>\n<\/div><\/div><div class=\"wpb_text_column txt\"><div class=\"wpb_wrapper\"><ol>\n<li><strong> \u00bfQu\u00e9 son las cookies?<\/strong><\/li>\n<\/ol>\n<p>Las galletas o \u00abcookies\u00bb son archivos de texto que se descargan en el equipo terminal del usuario (ordenador, tableta, tel\u00e9fono m\u00f3vil \u2026) y que se guardan en la memoria de su navegador. Los datos contenidos en las galletas podr\u00e1n ser analizadas para mejorar la usabilidad de las webs y ofrecer una informaci\u00f3n y unos servicios m\u00e1s personalizados. <\/p>\n<p>Los datos de navegaci\u00f3n recuperadas por las galletas son an\u00f3nimas y no se asocian a ninguna persona. La informaci\u00f3n personal deber\u00e1 ser facilitada a institut Poblenou de manera expl\u00edcita por el usuario. <\/p>\n<p>El usuario podr\u00e1 borrar o desactivar las cookies desde la configuraci\u00f3n de sus navegadores. En este caso, la p\u00e1gina web seguir\u00e1 siendo operativa, pero sin las ventajas de la personalizaci\u00f3n. Para m\u00e1s detalle sobre el uso, gesti\u00f3n y configuraci\u00f3n de las cookies de los navegadores se recomienda consultar la web <a href=\"http:\/\/www.aboutcookies.org\/\" target=\"_blank\" rel=\"noopener noreferrer\">http:\/\/www.aboutcookies.org\/<\/a>.  <\/p>\n<p>&nbsp;<\/p>\n<ol start=\"2\">\n<li><strong> \u00bfQu\u00e9 tipo de galletas se utilizan en Institut Poblenou?<\/strong><\/li>\n<\/ol>\n<ul>\n<li>Propias. Son galletas que se env\u00edan desde un equipo o dominio gestionado por Institut Poblenou al terminal del usuario. <\/li>\n<li>De terceros. Son galletas que se env\u00edan al terminal del usuario desde un equipo o dominio no gestionado ni controlado por Institut Poblenou. En este caso se incluyen tambi\u00e9n las galletas que instaladas por Institut Poblenou recopilan informaci\u00f3n gestionada por terceros.  <\/li>\n<li>De sitios de terceros. En la web de Institut Poblenou insertan contenidos generados desde las redes sociales (Youtube, Twitter, Flickr \u2026); existe la posibilidad de que estos sitios web sirvan galletas a sus usuarios. Institut Poblenou no tiene control sobre la difusi\u00f3n y el uso de la informaci\u00f3n que estas redes sociales puedan recopilar con sus galletas y por ello recomienda que se consulte su pol\u00edtica de privacidad.  <\/li>\n<\/ul>\n<p>&nbsp;<\/p>\n<ol start=\"3\">\n<li><strong> \u00bfCu\u00e1les son las finalidades de las cookies que se utilizan en Institut Poblenou?<\/strong><\/li>\n<\/ol>\n<p>Las finalidades de las cookies que se utilizan en Institut Poblenou son:<\/p>\n<ul>\n<li>T\u00e9cnicas. El objetivo de este tipo de galletas es hacer posible que la navegaci\u00f3n por la p\u00e1gina sea satisfactoria. Este tipo de galletas permite que el sistema reconozca los usuarios que se hayan registrado y recordarles su nombre de usuario y contrase\u00f1a, entre otras funciones.  <\/li>\n<li>De personalizaci\u00f3n. Estas cookies permiten que el usuario acceda a la web de Institut Poblenou con algunas caracter\u00edsticas de car\u00e1cter general predefinidas como pueden ser el idioma, el navegador o la localizaci\u00f3n geogr\u00e1fica desde donde se accede al servicio. Esta informaci\u00f3n de los usuarios permite a Institut Poblenou poder ofrecerles mejor servicio y m\u00e1s personalizado.  <\/li>\n<li>Anal\u00edticas. Los datos an\u00f3nimas contenidas en estas galletas permiten la medici\u00f3n, el seguimiento y el estudio de la actividad de los usuarios a fin de incorporar mejoras en sitios web, aplicaciones y plataformas de Institut Poblenou. <strong> <\/strong><\/li>\n<\/ul>\n<p>&nbsp;<\/p>\n<ol start=\"4\">\n<li><strong>Aceptaci\u00f3n de la Pol\u00edtica de cookies<br \/>\n<\/strong>Puede aceptar o negar el uso de cookies, sin embargo la mayor\u00eda de navegadores aceptan cookies autom\u00e1ticamente pues sirve para tener un mejor servicio web. Tambi\u00e9n usted puede cambiar la configuraci\u00f3n de su navegador para declinar las cookies.En cada navegador la operativa es diferente: <\/li>\n<\/ol>\n<ul>\n<li><strong>Internet Explorer:<\/strong> <a href=\"http:\/\/windows.microsoft.com\/es-xl\/internet-explorer\/delete-manage-cookies#ie=ie-10\" target=\"_blank\" rel=\"noopener noreferrer\">microsoft.com\/es-xl\/internet-explorer\/delete-manage-cookies#ie=ie-10<\/a><\/li>\n<li><strong>FireFox: <\/strong><a href=\"https:\/\/support.mozilla.org\/es\/kb\/Borrar%20cookies\" target=\"_blank\" rel=\"noopener noreferrer\">mozilla.org\/es\/kb\/Borrar%20cookies<\/a><\/li>\n<li><strong>Chrome: <\/strong><a href=\"https:\/\/support.google.com\/chrome\/answer\/95647?hl=es\" target=\"_blank\" rel=\"noopener noreferrer\">google.com\/chrome\/answer\/95647?hl=es<\/a><\/li>\n<li><strong>Safari:<\/strong> <a href=\"http:\/\/www.apple.com\/es\/privacy\/use-of-cookies\/\" target=\"_blank\" rel=\"noopener noreferrer\">apple.com\/es\/privacy\/use-of-cookies\/<\/a><\/li>\n<\/ul>\n<p>Adem\u00e1s, tambi\u00e9n puede gestionar el almac\u00e9n de cookies en su navegador a trav\u00e9s de herramientas como las siguientes:<\/p>\n<ul>\n<li><strong>Ghostery: <\/strong><a href=\"http:\/\/www.ghostery.com\/\" target=\"_blank\" rel=\"noopener noreferrer\">ghostery.com\/<\/a><\/li>\n<li><strong>Your online choices: <\/strong><a href=\"http:\/\/www.youronlinechoices.com\/es\/\" target=\"_blank\" rel=\"noopener noreferrer\">youronlinechoices.com\/es\/<\/a><\/li>\n<\/ul>\n<\/div><\/div><\/div><\/div><\/div><\/div><\/div><\/section>\n","protected":false},"excerpt":{"rendered":"POL\u00cdTICA DE COOKIES \u00bfQu\u00e9 son las cookies? Las galletas o \u00abcookies\u00bb son archivos de texto que se descargan en el equipo terminal del usuario (ordenador, tableta, tel\u00e9fono m\u00f3vil \u2026) y que se guardan en la memoria de su navegador. Los datos contenidos en las galletas podr\u00e1n ser analizadas para mejorar la usabilidad de las webs...","protected":false},"author":1,"featured_media":0,"parent":0,"menu_order":0,"comment_status":"closed","ping_status":"closed","template":"","meta":{"_acf_changed":false,"footnotes":"","_links_to":"","_links_to_target":""},"class_list":["post-10605","page","type-page","status-publish","hentry"],"acf":[],"yoast_head":"<!-- This site is optimized with the Yoast SEO plugin v25.4 - https:\/\/yoast.com\/wordpress\/plugins\/seo\/ -->\n<title>Pol\u00edtica de cookies - Institut Poblenou<\/title>\n<meta name=\"robots\" content=\"noindex, follow\" \/>\n<meta property=\"og:locale\" content=\"es_MX\" \/>\n<meta property=\"og:type\" content=\"article\" \/>\n<meta property=\"og:title\" content=\"Pol\u00edtica de cookies - Institut Poblenou\" \/>\n<meta property=\"og:url\" content=\"https:\/\/institutpoblenou.cat\/sp\/politica-de-cookies\/\" \/>\n<meta property=\"og:site_name\" content=\"Institut Poblenou\" \/>\n<meta property=\"article:modified_time\" content=\"2025-04-21T21:07:15+00:00\" \/>\n<meta name=\"twitter:card\" content=\"summary_large_image\" \/>\n<meta name=\"twitter:label1\" content=\"Est. reading time\" \/>\n\t<meta name=\"twitter:data1\" content=\"3 minutes\" \/>\n<script type=\"application\/ld+json\" class=\"yoast-schema-graph\">{\"@context\":\"https:\/\/schema.org\",\"@graph\":[{\"@type\":\"WebPage\",\"@id\":\"https:\/\/institutpoblenou.cat\/sp\/politica-de-cookies\/\",\"url\":\"https:\/\/institutpoblenou.cat\/sp\/politica-de-cookies\/\",\"name\":\"Pol\u00edtica de cookies - Institut Poblenou\",\"isPartOf\":{\"@id\":\"https:\/\/institutpoblenou.cat\/sp\/#website\"},\"datePublished\":\"2025-04-21T21:07:14+00:00\",\"dateModified\":\"2025-04-21T21:07:15+00:00\",\"breadcrumb\":{\"@id\":\"https:\/\/institutpoblenou.cat\/sp\/politica-de-cookies\/#breadcrumb\"},\"inLanguage\":\"es-MX\",\"potentialAction\":[{\"@type\":\"ReadAction\",\"target\":[\"https:\/\/institutpoblenou.cat\/sp\/politica-de-cookies\/\"]}]},{\"@type\":\"BreadcrumbList\",\"@id\":\"https:\/\/institutpoblenou.cat\/sp\/politica-de-cookies\/#breadcrumb\",\"itemListElement\":[{\"@type\":\"ListItem\",\"position\":1,\"name\":\"Portada\",\"item\":\"https:\/\/institutpoblenou.cat\/sp\/\"},{\"@type\":\"ListItem\",\"position\":2,\"name\":\"Pol\u00edtica de cookies\"}]},{\"@type\":\"WebSite\",\"@id\":\"https:\/\/institutpoblenou.cat\/sp\/#website\",\"url\":\"https:\/\/institutpoblenou.cat\/sp\/\",\"name\":\"Institut Poblenou\",\"description\":\"Otro sitio realizado con WordPress\",\"potentialAction\":[{\"@type\":\"SearchAction\",\"target\":{\"@type\":\"EntryPoint\",\"urlTemplate\":\"https:\/\/institutpoblenou.cat\/sp\/?s={search_term_string}\"},\"query-input\":{\"@type\":\"PropertyValueSpecification\",\"valueRequired\":true,\"valueName\":\"search_term_string\"}}],\"inLanguage\":\"es-MX\"}]}<\/script>\n<!-- \/ Yoast SEO plugin. -->","yoast_head_json":{"title":"Pol\u00edtica de cookies - Institut Poblenou","robots":{"index":"noindex","follow":"follow"},"og_locale":"es_MX","og_type":"article","og_title":"Pol\u00edtica de cookies - Institut Poblenou","og_url":"https:\/\/institutpoblenou.cat\/sp\/politica-de-cookies\/","og_site_name":"Institut Poblenou","article_modified_time":"2025-04-21T21:07:15+00:00","twitter_card":"summary_large_image","twitter_misc":{"Est. reading time":"3 minutes"},"schema":{"@context":"https:\/\/schema.org","@graph":[{"@type":"WebPage","@id":"https:\/\/institutpoblenou.cat\/sp\/politica-de-cookies\/","url":"https:\/\/institutpoblenou.cat\/sp\/politica-de-cookies\/","name":"Pol\u00edtica de cookies - Institut Poblenou","isPartOf":{"@id":"https:\/\/institutpoblenou.cat\/sp\/#website"},"datePublished":"2025-04-21T21:07:14+00:00","dateModified":"2025-04-21T21:07:15+00:00","breadcrumb":{"@id":"https:\/\/institutpoblenou.cat\/sp\/politica-de-cookies\/#breadcrumb"},"inLanguage":"es-MX","potentialAction":[{"@type":"ReadAction","target":["https:\/\/institutpoblenou.cat\/sp\/politica-de-cookies\/"]}]},{"@type":"BreadcrumbList","@id":"https:\/\/institutpoblenou.cat\/sp\/politica-de-cookies\/#breadcrumb","itemListElement":[{"@type":"ListItem","position":1,"name":"Portada","item":"https:\/\/institutpoblenou.cat\/sp\/"},{"@type":"ListItem","position":2,"name":"Pol\u00edtica de cookies"}]},{"@type":"WebSite","@id":"https:\/\/institutpoblenou.cat\/sp\/#website","url":"https:\/\/institutpoblenou.cat\/sp\/","name":"Institut Poblenou","description":"Otro sitio realizado con WordPress","potentialAction":[{"@type":"SearchAction","target":{"@type":"EntryPoint","urlTemplate":"https:\/\/institutpoblenou.cat\/sp\/?s={search_term_string}"},"query-input":{"@type":"PropertyValueSpecification","valueRequired":true,"valueName":"search_term_string"}}],"inLanguage":"es-MX"}]}},"_links":{"self":[{"href":"https:\/\/institutpoblenou.cat\/sp\/wp-json\/wp\/v2\/pages\/10605","targetHints":{"allow":["GET"]}}],"collection":[{"href":"https:\/\/institutpoblenou.cat\/sp\/wp-json\/wp\/v2\/pages"}],"about":[{"href":"https:\/\/institutpoblenou.cat\/sp\/wp-json\/wp\/v2\/types\/page"}],"author":[{"embeddable":true,"href":"https:\/\/institutpoblenou.cat\/sp\/wp-json\/wp\/v2\/users\/1"}],"replies":[{"embeddable":true,"href":"https:\/\/institutpoblenou.cat\/sp\/wp-json\/wp\/v2\/comments?post=10605"}],"version-history":[{"count":2,"href":"https:\/\/institutpoblenou.cat\/sp\/wp-json\/wp\/v2\/pages\/10605\/revisions"}],"predecessor-version":[{"id":10607,"href":"https:\/\/institutpoblenou.cat\/sp\/wp-json\/wp\/v2\/pages\/10605\/revisions\/10607"}],"wp:attachment":[{"href":"https:\/\/institutpoblenou.cat\/sp\/wp-json\/wp\/v2\/media?parent=10605"}],"curies":[{"name":"wp","href":"https:\/\/api.w.org\/{rel}","templated":true}]}}