{"id":10609,"date":"2025-04-21T21:08:15","date_gmt":"2025-04-21T21:08:15","guid":{"rendered":"https:\/\/institutpoblenou.cat\/politica-de-redes-sociales\/"},"modified":"2025-04-21T21:08:15","modified_gmt":"2025-04-21T21:08:15","slug":"politica-de-redes-sociales","status":"publish","type":"page","link":"https:\/\/institutpoblenou.cat\/sp\/politica-de-redes-sociales\/","title":{"rendered":"Pol\u00edtica de redes sociales"},"content":{"rendered":"<section class=\"l-section wpb_row height_medium\"><div class=\"l-section-h i-cf\"><div class=\"g-cols vc_row type_default valign_top\"><div class=\"vc_col-sm-12 wpb_column vc_column_container\"><div class=\"vc_column-inner\"><div class=\"wpb_wrapper\"><div class=\"wpb_text_column sub-ttl\"><div class=\"wpb_wrapper\"><h3>POL\u00cdTICA DE REDES SOCIALES<\/h3>\n<\/div><\/div><div class=\"wpb_text_column txt\"><div class=\"wpb_wrapper\"><p>En cumplimiento del Reglamento Europeo de Protecci\u00f3n de Datos 2016\/679, de 27 de abril, y la Ley 34\/2002, de 11 de julio, de Servicios de la Sociedad de la Informaci\u00f3n y de Comercio Electr\u00f3nico (LSSI-CE),el centro:<\/p>\n<p>Institut Poblenou.<\/p>\n<p>Dir. Postal: C \/Doctor Trueta 206. 08005 Barcelona  <\/p>\n<p>Tel\u00e9fono: 93 225 38 12<\/p>\n<p>informa que ha procedido a crear una p\u00e1gina en las Redes Sociales FACEBOOK, TWITTER, LINKEDIN, FLICKR, INSTAGRAM y YOUTUBE con la finalidad comunicar actividades y novedades del centro y publicitarse.<\/p>\n<p>El usuario, al consentir libre, afirmativa y voluntariamente el tratamiento de sus datos, incluye expl\u00edcitamente aquellos datos personales publicados en su perfil. El usuario puede acceder en todo momento a las pol\u00edticas de privacidad de la propia Red Social, as\u00ed como configurar su perfil para garantizar su privacidad. Institut Poblenou. tiene acceso y trata aquella informaci\u00f3n p\u00fablica del usuario, en especial, su nombre de contacto. Estos datos, s\u00f3lo son utilizados dentro de la propia Red Social. No son incorporados a ning\u00fan fichero.     <\/p>\n<p>El usuario puede ejercitar sus derechos de acceso, rectificaci\u00f3n, cancelaci\u00f3n y oposici\u00f3n en la direcci\u00f3n arriba indicada. Asimismo, el usuario debe de ser conocedor de las peculiaridades de las redes sociales y de las limitaciones de Institut Poblenou. en relaci\u00f3n a la aplicaci\u00f3n de los derechos de acceso, rectificaci\u00f3n, cancelaci\u00f3n y oposici\u00f3n. Si el usuario tuviese alguna duda al respecto podr\u00e1 consultar las peculiaridades de las diferentes redes sociales en los clausulados legales de las mismas.   <\/p>\n<p>El usuario se hace responsable de todo contenido publicado en los perfiles de redes sociales pertenecientes a Institut Poblenou.. Si la publicaci\u00f3n del contenido no se ajusta a la legalidad vigente se proh\u00edbe su publicaci\u00f3n, siendo el usuario el \u00fanico responsable de dicha publicaci\u00f3n.<\/p>\n<p>A continuaci\u00f3n detallamos el enlace a la pol\u00edtica de privacidad de nuestras Redes Sociales y de otras Redes sociales habituales:<\/p>\n<p><strong>Facebook:<\/strong> <a href=\"https:\/\/www.facebook.com\/help\/323540651073243\/\" target=\"_blank\" rel=\"noopener noreferrer\">https:\/\/www.facebook.com\/help\/323540651073243\/<\/a><\/p>\n<p><strong>Twitter:<\/strong> <a href=\"https:\/\/twitter.com\/privacy\" target=\"_blank\" rel=\"noopener noreferrer\">https:\/\/twitter.com\/privacy<\/a><\/p>\n<p><strong>Linkedin<\/strong>: <a href=\"https:\/\/www.linkedin.com\/legal\/privacy-policy?trk=hb_ft_priv\" target=\"_blank\" rel=\"noopener noreferrer\">https:\/\/www.linkedin.com\/legal\/privacy-policy?trk=hb_ft_priv<\/a><\/p>\n<p><strong>Flickr:<\/strong> <a href=\"http:\/\/info.yahoo.com\/privacy\/es\/yahoo\/eu\/\" target=\"_blank\" rel=\"noopener noreferrer\">http:\/\/info.yahoo.com\/privacy\/es\/yahoo\/eu\/<\/a><\/p>\n<p><strong>Instagram:<\/strong> <a href=\"https:\/\/www.instagram.com\/about\/legal\/privacy\/\" target=\"_blank\" rel=\"noopener noreferrer\">https:\/\/www.instagram.com\/about\/legal\/privacy\/<\/a><\/p>\n<p><strong>Youtube:<\/strong> <a href=\"https:\/\/www.google.com\/intl\/es\/policies\/privacy\/\" target=\"_blank\" rel=\"noopener noreferrer\">https:\/\/www.google.com\/intl\/es\/policies\/privacy\/<\/a><\/p>\n<\/div><\/div><\/div><\/div><\/div><\/div><\/div><\/section>\n","protected":false},"excerpt":{"rendered":"POL\u00cdTICA DE REDES SOCIALES En cumplimiento del Reglamento Europeo de Protecci\u00f3n de Datos 2016\/679, de 27 de abril, y la Ley 34\/2002, de 11 de julio, de Servicios de la Sociedad de la Informaci\u00f3n y de Comercio Electr\u00f3nico (LSSI-CE),el centro: Institut Poblenou. Dir. Postal: C \/Doctor Trueta 206. 08005 Barcelona Tel\u00e9fono: 93 225 38 12...","protected":false},"author":1,"featured_media":0,"parent":0,"menu_order":0,"comment_status":"closed","ping_status":"closed","template":"","meta":{"_acf_changed":false,"footnotes":"","_links_to":"","_links_to_target":""},"class_list":["post-10609","page","type-page","status-publish","hentry"],"acf":[],"yoast_head":"<!-- This site is optimized with the Yoast SEO plugin v25.4 - https:\/\/yoast.com\/wordpress\/plugins\/seo\/ -->\n<title>Pol\u00edtica de redes sociales - Institut Poblenou<\/title>\n<meta name=\"robots\" content=\"noindex, follow\" \/>\n<meta property=\"og:locale\" content=\"es_MX\" \/>\n<meta property=\"og:type\" content=\"article\" \/>\n<meta property=\"og:title\" content=\"Pol\u00edtica de redes sociales - Institut Poblenou\" \/>\n<meta property=\"og:url\" content=\"https:\/\/institutpoblenou.cat\/sp\/politica-de-redes-sociales\/\" \/>\n<meta property=\"og:site_name\" content=\"Institut Poblenou\" \/>\n<meta name=\"twitter:card\" content=\"summary_large_image\" \/>\n<meta name=\"twitter:label1\" content=\"Est. reading time\" \/>\n\t<meta name=\"twitter:data1\" content=\"2 minutes\" \/>\n<script type=\"application\/ld+json\" class=\"yoast-schema-graph\">{\"@context\":\"https:\/\/schema.org\",\"@graph\":[{\"@type\":\"WebPage\",\"@id\":\"https:\/\/institutpoblenou.cat\/sp\/politica-de-redes-sociales\/\",\"url\":\"https:\/\/institutpoblenou.cat\/sp\/politica-de-redes-sociales\/\",\"name\":\"Pol\u00edtica de redes sociales - Institut Poblenou\",\"isPartOf\":{\"@id\":\"https:\/\/institutpoblenou.cat\/sp\/#website\"},\"datePublished\":\"2025-04-21T21:08:15+00:00\",\"breadcrumb\":{\"@id\":\"https:\/\/institutpoblenou.cat\/sp\/politica-de-redes-sociales\/#breadcrumb\"},\"inLanguage\":\"es-MX\",\"potentialAction\":[{\"@type\":\"ReadAction\",\"target\":[\"https:\/\/institutpoblenou.cat\/sp\/politica-de-redes-sociales\/\"]}]},{\"@type\":\"BreadcrumbList\",\"@id\":\"https:\/\/institutpoblenou.cat\/sp\/politica-de-redes-sociales\/#breadcrumb\",\"itemListElement\":[{\"@type\":\"ListItem\",\"position\":1,\"name\":\"Portada\",\"item\":\"https:\/\/institutpoblenou.cat\/sp\/\"},{\"@type\":\"ListItem\",\"position\":2,\"name\":\"Pol\u00edtica de redes sociales\"}]},{\"@type\":\"WebSite\",\"@id\":\"https:\/\/institutpoblenou.cat\/sp\/#website\",\"url\":\"https:\/\/institutpoblenou.cat\/sp\/\",\"name\":\"Institut Poblenou\",\"description\":\"Otro sitio realizado con WordPress\",\"potentialAction\":[{\"@type\":\"SearchAction\",\"target\":{\"@type\":\"EntryPoint\",\"urlTemplate\":\"https:\/\/institutpoblenou.cat\/sp\/?s={search_term_string}\"},\"query-input\":{\"@type\":\"PropertyValueSpecification\",\"valueRequired\":true,\"valueName\":\"search_term_string\"}}],\"inLanguage\":\"es-MX\"}]}<\/script>\n<!-- \/ Yoast SEO plugin. -->","yoast_head_json":{"title":"Pol\u00edtica de redes sociales - Institut Poblenou","robots":{"index":"noindex","follow":"follow"},"og_locale":"es_MX","og_type":"article","og_title":"Pol\u00edtica de redes sociales - Institut Poblenou","og_url":"https:\/\/institutpoblenou.cat\/sp\/politica-de-redes-sociales\/","og_site_name":"Institut Poblenou","twitter_card":"summary_large_image","twitter_misc":{"Est. reading time":"2 minutes"},"schema":{"@context":"https:\/\/schema.org","@graph":[{"@type":"WebPage","@id":"https:\/\/institutpoblenou.cat\/sp\/politica-de-redes-sociales\/","url":"https:\/\/institutpoblenou.cat\/sp\/politica-de-redes-sociales\/","name":"Pol\u00edtica de redes sociales - Institut Poblenou","isPartOf":{"@id":"https:\/\/institutpoblenou.cat\/sp\/#website"},"datePublished":"2025-04-21T21:08:15+00:00","breadcrumb":{"@id":"https:\/\/institutpoblenou.cat\/sp\/politica-de-redes-sociales\/#breadcrumb"},"inLanguage":"es-MX","potentialAction":[{"@type":"ReadAction","target":["https:\/\/institutpoblenou.cat\/sp\/politica-de-redes-sociales\/"]}]},{"@type":"BreadcrumbList","@id":"https:\/\/institutpoblenou.cat\/sp\/politica-de-redes-sociales\/#breadcrumb","itemListElement":[{"@type":"ListItem","position":1,"name":"Portada","item":"https:\/\/institutpoblenou.cat\/sp\/"},{"@type":"ListItem","position":2,"name":"Pol\u00edtica de redes sociales"}]},{"@type":"WebSite","@id":"https:\/\/institutpoblenou.cat\/sp\/#website","url":"https:\/\/institutpoblenou.cat\/sp\/","name":"Institut Poblenou","description":"Otro sitio realizado con WordPress","potentialAction":[{"@type":"SearchAction","target":{"@type":"EntryPoint","urlTemplate":"https:\/\/institutpoblenou.cat\/sp\/?s={search_term_string}"},"query-input":{"@type":"PropertyValueSpecification","valueRequired":true,"valueName":"search_term_string"}}],"inLanguage":"es-MX"}]}},"_links":{"self":[{"href":"https:\/\/institutpoblenou.cat\/sp\/wp-json\/wp\/v2\/pages\/10609","targetHints":{"allow":["GET"]}}],"collection":[{"href":"https:\/\/institutpoblenou.cat\/sp\/wp-json\/wp\/v2\/pages"}],"about":[{"href":"https:\/\/institutpoblenou.cat\/sp\/wp-json\/wp\/v2\/types\/page"}],"author":[{"embeddable":true,"href":"https:\/\/institutpoblenou.cat\/sp\/wp-json\/wp\/v2\/users\/1"}],"replies":[{"embeddable":true,"href":"https:\/\/institutpoblenou.cat\/sp\/wp-json\/wp\/v2\/comments?post=10609"}],"version-history":[{"count":2,"href":"https:\/\/institutpoblenou.cat\/sp\/wp-json\/wp\/v2\/pages\/10609\/revisions"}],"predecessor-version":[{"id":10611,"href":"https:\/\/institutpoblenou.cat\/sp\/wp-json\/wp\/v2\/pages\/10609\/revisions\/10611"}],"wp:attachment":[{"href":"https:\/\/institutpoblenou.cat\/sp\/wp-json\/wp\/v2\/media?parent=10609"}],"curies":[{"name":"wp","href":"https:\/\/api.w.org\/{rel}","templated":true}]}}