{"id":10622,"date":"2025-04-21T21:15:54","date_gmt":"2025-04-21T21:15:54","guid":{"rendered":"https:\/\/institutpoblenou.cat\/servicios\/bolsa-de-trabajo\/"},"modified":"2025-04-21T21:15:56","modified_gmt":"2025-04-21T21:15:56","slug":"bolsa-de-trabajo","status":"publish","type":"page","link":"https:\/\/institutpoblenou.cat\/sp\/servicios\/bolsa-de-trabajo\/","title":{"rendered":"Bolsa de trabajo"},"content":{"rendered":"<section class=\"l-section wpb_row height_medium inner-md with_img\" id=\"hd-md\"><div class=\"l-section-img\" style=\"background-image: url(https:\/\/institutpoblenou.cat\/wp-content\/uploads\/2020\/03\/bolsa-de-trabajo.jpg);\" data-img-width=\"1450\" data-img-height=\"622\"><\/div><div class=\"l-section-h i-cf\"><div class=\"g-cols vc_row type_default valign_top\"><div class=\"vc_col-sm-12 wpb_column vc_column_container\"><div class=\"vc_column-inner\"><div class=\"wpb_wrapper\"><div class=\"wpb_text_column sub-ttl\"><div class=\"wpb_wrapper\"><h3>Servicios<\/h3>\n<\/div><\/div><div class=\"wpb_text_column ttl\"><div class=\"wpb_wrapper\"><h1>Bolsa de trabajo<\/h1>\n<\/div><\/div><p class=\"w-text align_left\"><a class=\"w-text-h\" href=\"#prllx-md\"><i class=\"fas fa-caret-down\"><\/i><span class=\"w-text-value\">Impulsa el teu futur en tan sols un clic<\/span><\/a><\/p><\/div><\/div><\/div><\/div><\/div><\/section><section class=\"l-section wpb_row height_medium\"><div class=\"l-section-h i-cf\"><div class=\"g-cols vc_row type_default valign_top\"><div class=\"vc_col-sm-12 wpb_column vc_column_container\"><div class=\"vc_column-inner\"><div class=\"wpb_wrapper\"><div class=\"wpb_text_column sub-ttl\"><div class=\"wpb_wrapper\"><h3 style=\"text-align: center;\">\u00bfQuieres trabajar de lo que has estudiado?<\/h3>\n<\/div><\/div><div class=\"wpb_text_column txt\"><div class=\"wpb_wrapper\"><p style=\"text-align: center;\">El Institut Poblenou est\u00e1 adherido a la bolsa de trabajo de FP Empresa (Asociaci\u00f3n de Centros de Formaci\u00f3n Profesional)<\/p>\n<p style=\"text-align: center;\"><a href=\"https:\/\/www.youtube.com\/watch?v=vh-BwTmrwJY&amp;feature=youtu.be\"><img loading=\"lazy\" decoding=\"async\" class=\"size-medium wp-image-6374 aligncenter\" src=\"https:\/\/institutpoblenou.cat\/wp-content\/uploads\/2021\/01\/bolsa-de-empleo-300x147.png\" alt=\"\" width=\"300\" height=\"147\" srcset=\"https:\/\/institutpoblenou.cat\/wp-content\/uploads\/2021\/01\/bolsa-de-empleo-300x147.png 300w, https:\/\/institutpoblenou.cat\/wp-content\/uploads\/2021\/01\/bolsa-de-empleo-100x50.png 100w, https:\/\/institutpoblenou.cat\/wp-content\/uploads\/2021\/01\/bolsa-de-empleo.png 637w\" sizes=\"auto, (max-width: 300px) 100vw, 300px\" \/><\/a><\/p>\n<p style=\"text-align: center;\">Tanto si eres alumno o exalumno, te animamos a registrarte para optar a todas las ofertas. Una vez est\u00e9s registrado, nos puedes enviar un correo a <a href=\"mailto:borsadetreball@iespoblenou.org\">borsadetreball@iespoblenou.org<\/a>. As\u00ed, nosotros podemos certificar los estudios realizados en el Institut Poblenou.  <\/p>\n<p style=\"text-align: center;\"><strong><a href=\"https:\/\/www.youtube.com\/watch?v=ahW5XSUiQ3Y&amp;feature=youtu.be\">Consulta<\/a> el tutorial Emplea-FP para estudiantes:<\/strong><\/p>\n<p><a href=\"https:\/\/www.youtube.com\/watch?v=ahW5XSUiQ3Y&amp;feature=youtu.be\"><img loading=\"lazy\" decoding=\"async\" class=\"size-medium wp-image-6378 aligncenter\" src=\"https:\/\/institutpoblenou.cat\/wp-content\/uploads\/2021\/01\/Tutorial-EmpleaFP-Titulados-300x154.png\" alt=\"\" width=\"300\" height=\"154\" srcset=\"https:\/\/institutpoblenou.cat\/wp-content\/uploads\/2021\/01\/Tutorial-EmpleaFP-Titulados-300x154.png 300w, https:\/\/institutpoblenou.cat\/wp-content\/uploads\/2021\/01\/Tutorial-EmpleaFP-Titulados-100x50.png 100w, https:\/\/institutpoblenou.cat\/wp-content\/uploads\/2021\/01\/Tutorial-EmpleaFP-Titulados.png 681w\" sizes=\"auto, (max-width: 300px) 100vw, 300px\" \/><\/a><\/p>\n<\/div><\/div><div class=\"w-btn-wrapper width_auto align_center\"><a class=\"w-btn us-btn-style_1 us_custom_3000a3fb\" href=\"http:\/\/www.empleafp.com\" target=\"_blank\" rel=\"noopener\"><span class=\"w-btn-label\">Inscr\u00edbete<\/span><\/a><\/div><\/div><\/div><\/div><\/div><\/div><\/section><section class=\"l-section wpb_row us_custom_7b79fa25 height_medium\"><div class=\"l-section-h i-cf\"><div class=\"g-cols vc_row type_default valign_top\"><div class=\"vc_col-sm-12 wpb_column vc_column_container\"><div class=\"vc_column-inner\"><div class=\"wpb_wrapper\"><div class=\"wpb_text_column sub-ttl\"><div class=\"wpb_wrapper\"><h3 style=\"text-align: center;\">Eres una empresa y buscas personas cualificadas?<\/h3>\n<\/div><\/div><div class=\"wpb_text_column txt\"><div class=\"wpb_wrapper\"><p style=\"text-align: center;\">Te animamos a registrarte en la Bolsa de Trabajo de FP Empresa. As\u00ed, podr\u00e1s buscar a tus candidatos seg\u00fan los estudios realizados. Ten en cuenta que en esta bolsa, los centros certifican los estudios que han realizado sus alumnos.<br \/>\nCualquier duda, nos puedes escribir a <a href=\"mailto:borsadetreball@iespoblenou.org\">borsadetreball@iespoblenou.org<\/a>. <\/p>\n<\/div><\/div><div class=\"w-btn-wrapper width_auto align_center\"><a class=\"w-btn us-btn-style_1 us_custom_3000a3fb\" href=\"http:\/\/www.empleafp.com\" target=\"_blank\" rel=\"noopener\"><span class=\"w-btn-label\">Inscr\u00edbete<\/span><\/a><\/div><\/div><\/div><\/div><\/div><\/div><\/section><section class=\"l-section wpb_row us_custom_887a049b height_medium\" id=\"social-share\"><div class=\"l-section-h i-cf\"><div class=\"g-cols vc_row type_default valign_top\"><div class=\"vc_col-sm-12 wpb_column vc_column_container\"><div class=\"vc_column-inner\"><div class=\"wpb_wrapper\"><div class=\"wpb_text_column\"><div class=\"wpb_wrapper\"><h4 style=\"text-align: center;\">\u00bfTe ha gustado lo que contamos?<br \/>\nComparte con tus amigos<\/h4>\n<\/div><\/div><div class=\"w-sharing type_solid align_center color_default\"><div class=\"w-sharing-list\" data-sharing-url=\"https:\/\/institutpoblenou.cat\/sp\/wp-json\/wp\/v2\/pages\/10622\" data-sharing-image=\"\"><a class=\"w-sharing-item email\" href=\"javascript:void(0)\" title=\"Email this\" aria-label=\"Email this\"><span class=\"w-sharing-icon\"><\/span><\/a><a class=\"w-sharing-item facebook\" href=\"javascript:void(0)\" title=\"Share this\" aria-label=\"Share this\"><span class=\"w-sharing-icon\"><\/span><\/a><a class=\"w-sharing-item twitter\" href=\"javascript:void(0)\" title=\"Tweet this\" aria-label=\"Tweet this\"><span class=\"w-sharing-icon\"><\/span><\/a><a class=\"w-sharing-item linkedin\" href=\"javascript:void(0)\" title=\"Share this\" aria-label=\"Share this\"><span class=\"w-sharing-icon\"><\/span><\/a><a class=\"w-sharing-item pinterest\" href=\"javascript:void(0)\" title=\"Pin this\" aria-label=\"Pin this\"><span class=\"w-sharing-icon\"><\/span><\/a><a class=\"w-sharing-item whatsapp\" href=\"javascript:void(0)\" title=\"Share this\" aria-label=\"Share this\"><span class=\"w-sharing-icon\"><\/span><\/a><a class=\"w-sharing-item reddit\" href=\"javascript:void(0)\" title=\"Share this\" aria-label=\"Share this\"><span class=\"w-sharing-icon\"><\/span><\/a><\/div><\/div><\/div><\/div><\/div><\/div><\/div><\/section><section class=\"l-section wpb_row height_medium with_img parallax_ver\" id=\"prllx-md\"><div class=\"l-section-img\" style=\"background-image: url(https:\/\/institutpoblenou.cat\/wp-content\/uploads\/2020\/03\/bolsa-de-trabajo-parallax.jpg);\" data-img-width=\"1450\" data-img-height=\"1371\"><\/div><div class=\"l-section-h i-cf\"><div class=\"g-cols vc_row type_default valign_top\"><div class=\"vc_col-sm-12 wpb_column vc_column_container\"><div class=\"vc_column-inner\"><div class=\"wpb_wrapper\"><div class=\"w-image align_center\"><div class=\"w-image-h\"><img loading=\"lazy\" decoding=\"async\" width=\"104\" height=\"104\" src=\"https:\/\/institutpoblenou.cat\/wp-content\/uploads\/2020\/01\/parallax-img-ecaib.png\" class=\"attachment-full size-full\" alt=\"\" \/><\/div><\/div><div class=\"wpb_text_column sub-ttl\"><div class=\"wpb_wrapper\"><h3 style=\"text-align: center;\">Impulsa tu futuro con un solo clic<\/h3>\n<\/div><\/div><div class=\"wpb_text_column txt\"><div class=\"wpb_wrapper\"><p style=\"text-align: center;\">\u00bfQuieres desarrollar tu carrera con un grado de formaci\u00f3n profesional o un programa de formaci\u00f3n e inserci\u00f3n? D\u00e9janos tus datos y estaremos encantados de asesorarte para que encuentres la opci\u00f3n que m\u00e1s se adapta a ti. <\/p>\n<\/div><\/div><div class=\"g-cols wpb_row  type_default valign_top vc_inner form-md\"><div class=\"vc_col-sm-12 wpb_column vc_column_container\"><div class=\"vc_column-inner\"><div class=\"wpb_wrapper\">\n<div class=\"wpcf7 no-js\" id=\"wpcf7-f2226-o1\" lang=\"es-ES\" dir=\"ltr\" data-wpcf7-id=\"2226\">\n<div class=\"screen-reader-response\"><p role=\"status\" aria-live=\"polite\" aria-atomic=\"true\"><\/p> <ul><\/ul><\/div>\n<form action=\"\/sp\/wp-json\/wp\/v2\/pages\/10622#wpcf7-f2226-o1\" method=\"post\" class=\"wpcf7-form init wpcf7-acceptance-as-validation\" aria-label=\"Contact form\" novalidate=\"novalidate\" data-status=\"init\">\n<fieldset class=\"hidden-fields-container\"><input type=\"hidden\" name=\"_wpcf7\" value=\"2226\" \/><input type=\"hidden\" name=\"_wpcf7_version\" value=\"6.1\" \/><input type=\"hidden\" name=\"_wpcf7_locale\" value=\"es_ES\" \/><input type=\"hidden\" name=\"_wpcf7_unit_tag\" value=\"wpcf7-f2226-o1\" \/><input type=\"hidden\" name=\"_wpcf7_container_post\" value=\"0\" \/><input type=\"hidden\" name=\"_wpcf7_posted_data_hash\" value=\"\" \/><input type=\"hidden\" name=\"_wpcf7_recaptcha_response\" value=\"\" \/>\n<\/fieldset>\n<div class=\"form-prllx\">\n\t<div class=\"form-left\">\n\t\t<div class=\"half\">\n\t\t\t<p><span class=\"wpcf7-form-control-wrap\" data-name=\"your-name\"><input size=\"40\" maxlength=\"400\" class=\"wpcf7-form-control wpcf7-text wpcf7-validates-as-required\" aria-required=\"true\" aria-invalid=\"false\" placeholder=\"Nom\" value=\"\" type=\"text\" name=\"your-name\" \/><\/span><span class=\"wpcf7-form-control-wrap\" data-name=\"your-email\"><input size=\"40\" maxlength=\"400\" class=\"wpcf7-form-control wpcf7-email wpcf7-validates-as-required wpcf7-text wpcf7-validates-as-email\" aria-required=\"true\" aria-invalid=\"false\" placeholder=\"Email\" value=\"\" type=\"email\" name=\"your-email\" \/><\/span><span class=\"wpcf7-form-control-wrap\" data-name=\"your-phone\"><input size=\"40\" maxlength=\"400\" class=\"wpcf7-form-control wpcf7-tel wpcf7-validates-as-required wpcf7-text wpcf7-validates-as-tel\" aria-required=\"true\" aria-invalid=\"false\" placeholder=\"Tel\u00e8fon\" value=\"\" type=\"tel\" name=\"your-phone\" \/><\/span><span class=\"wpcf7-form-control-wrap\" data-name=\"your-hour\"><select class=\"wpcf7-form-control wpcf7-select wpcf7-validates-as-required\" aria-required=\"true\" aria-invalid=\"false\" name=\"your-hour\"><option value=\"\">Tema de consulta<\/option><option value=\"Places disponibles\">Places disponibles<\/option><option value=\"Certificats i tr\u00e0mits\">Certificats i tr\u00e0mits<\/option><option value=\"Informaci\u00f3 cicles\">Informaci\u00f3 cicles<\/option><option value=\"Requisits acc\u00e9s\">Requisits acc\u00e9s<\/option><option value=\"Informaci\u00f3 PFI\">Informaci\u00f3 PFI<\/option><option value=\"Informaci\u00f3 IFE\">Informaci\u00f3 IFE<\/option><\/select><\/span><span class=\"wpcf7-form-control-wrap\" data-name=\"your-cicle\"><select class=\"wpcf7-form-control wpcf7-select wpcf7-validates-as-required\" aria-required=\"true\" aria-invalid=\"false\" name=\"your-cicle\"><option value=\"\">Cicle Formatiu<\/option><option value=\"CFGM Gesti\u00f3 administrativa\">CFGM Gesti\u00f3 administrativa<\/option><option value=\"CFGM Activitats comercials\">CFGM Activitats comercials<\/option><option value=\"CFGM Sistemes microinform\u00e0tics i xarxes\">CFGM Sistemes microinform\u00e0tics i xarxes<\/option><option value=\"CFGS Administraci\u00f3 i finances\">CFGS Administraci\u00f3 i finances<\/option><option value=\"CFGS Assegurances (Administraci\u00f3 i finances)\">CFGS Assegurances (Administraci\u00f3 i finances)<\/option><option value=\"CFGS Comer\u00e7 internacional\">CFGS Comer\u00e7 internacional<\/option><option value=\"CFGS Gesti\u00f3 de vendes i espais comercials\">CFGS Gesti\u00f3 de vendes i espais comercials<\/option><option value=\"CFGS Marketing i publicitat\">CFGS Marketing i publicitat<\/option><option value=\"CFGS Marketing digital\">CFGS Marketing digital<\/option><option value=\"CFGS Desenvolupament d&#039;aplicacions multiplataforma\">CFGS Desenvolupament d&#039;aplicacions multiplataforma<\/option><option value=\"CFGS Administraci\u00f3 de sistemes inform\u00e0tics en xarxa\">CFGS Administraci\u00f3 de sistemes inform\u00e0tics en xarxa<\/option><option value=\"PFI Auxiliar d\u2019Activitats d\u2019Oficina\">PFI Auxiliar d\u2019Activitats d\u2019Oficina<\/option><option value=\"PFI Auxiliar de Muntatge i Manteniment d\u2019Equips Inform\u00e0tics\">PFI Auxiliar de Muntatge i Manteniment d\u2019Equips Inform\u00e0tics<\/option><option value=\"PFI Auxiliar de Vendes, Oficina i Atenci\u00f3 al P\u00fablic\">PFI Auxiliar de Vendes, Oficina i Atenci\u00f3 al P\u00fablic<\/option><option value=\"PFI Auxiliar de Comer\u00e7 i Atenci\u00f3 al P\u00fablic\">PFI Auxiliar de Comer\u00e7 i Atenci\u00f3 al P\u00fablic<\/option><option value=\"IFE Auxiliar en Vendes i Atenci\u00f3 al P\u00fablic\">IFE Auxiliar en Vendes i Atenci\u00f3 al P\u00fablic<\/option><\/select><\/span>\n\t\t\t<\/p>\n\t\t<\/div>\n\t\t<div class=\"half\">\n\t\t\t<p><span class=\"wpcf7-form-control-wrap\" data-name=\"your-textarea\"><textarea cols=\"40\" rows=\"10\" maxlength=\"2000\" class=\"wpcf7-form-control wpcf7-textarea\" aria-invalid=\"false\" placeholder=\"Vols especificar la teva consulta?\" name=\"your-textarea\"><\/textarea><\/span>\n\t\t\t<\/p>\n\t\t<\/div>\n\t<\/div>\n\t<div class=\"enviar\">\n\t\t<p><input class=\"wpcf7-form-control wpcf7-submit has-spinner\" type=\"submit\" value=\"Sol\u00b7licita informaci\u00f3\" \/>\n\t\t<\/p>\n\t<\/div>\n<\/div>\n<div class=\"legal\">\n\t<p><span class=\"wpcf7-form-control-wrap\" data-name=\"acceptance-646\"><span class=\"wpcf7-form-control wpcf7-acceptance\"><span class=\"wpcf7-list-item\"><label><input type=\"checkbox\" name=\"acceptance-646\" value=\"1\" aria-invalid=\"false\" \/><span class=\"wpcf7-list-item-label\">*Accepto els <a href=\"\/ca\/politica-de-privacitat\/\" target=\"_blank\">termes i condicions<\/a><\/span><\/label><\/span><\/span><\/span><br \/>\n<span class=\"wpcf7-form-control-wrap\" data-name=\"acceptance-647\"><span class=\"wpcf7-form-control wpcf7-acceptance optional\"><span class=\"wpcf7-list-item\"><label><input type=\"checkbox\" name=\"acceptance-647\" value=\"1\" aria-invalid=\"false\" \/><span class=\"wpcf7-list-item-label\">*Vull rebre resposta del Institut Poblenou<\/span><\/label><\/span><\/span><\/span>\n\t<\/p>\n<\/div>\n<p style=\"margin:0; padding:0; line-height: 0; Height:0;\"><span id=\"wpcf7-69e51db3d1433-wrapper\" class=\"wpcf7-form-control-wrap honeypot-781-wrap\" style=\"display:none !important; visibility:hidden !important;\"><label for=\"hddn-form\" class=\"hp-message\">Please leave this field empty.<\/label><input id=\"hddn-form\"  class=\"wpcf7-form-control wpcf7-text\" type=\"text\" name=\"honeypot-781\" value=\"\" size=\"40\" tabindex=\"-1\" autocomplete=\"new-password\" \/><\/span>\n<\/p><div class=\"wpcf7-response-output\" aria-hidden=\"true\"><\/div>\n<\/form>\n<\/div>\n<\/div><\/div><\/div><\/div><\/div><\/div><\/div><\/div><\/div><\/section><section class=\"l-section wpb_row height_medium width_full\" id=\"icon-md\"><div class=\"l-section-h i-cf\"><div class=\"g-cols vc_row type_default valign_top\"><div class=\"vc_col-sm-4 wpb_column vc_column_container has-fill has-link\"><div class=\"vc_column-inner us_custom_348782fb \"><div class=\"wpb_wrapper\"><div class=\"w-iconbox iconpos_top style_default color_custom align_center no_text icontype_img\"><div class=\"w-iconbox-icon\"><img loading=\"lazy\" decoding=\"async\" width=\"63\" height=\"62\" src=\"https:\/\/institutpoblenou.cat\/wp-content\/uploads\/2020\/01\/formacion-dual.png\" class=\"attachment-full size-full\" alt=\"\" \/><\/div><div class=\"w-iconbox-meta\"><h4 class=\"w-iconbox-title\" style=\"font-size:26.5px;\">Formaci\u00f3n dual<\/h4><\/div><\/div><\/div><a class=\"vc_column-link smooth-scroll\" href=\"https:\/\/institutpoblenou.cat\/formacio\/que-es-lfp-dual\/\" title=\"FP Dual\"><\/a><\/div><\/div><div class=\"vc_col-sm-4 wpb_column vc_column_container has-fill\"><div class=\"vc_column-inner us_custom_348782fb \"><div class=\"wpb_wrapper\"><div class=\"w-iconbox iconpos_top style_default color_custom align_center no_text icontype_img\"><div class=\"w-iconbox-icon\"><img loading=\"lazy\" decoding=\"async\" width=\"68\" height=\"64\" src=\"https:\/\/institutpoblenou.cat\/wp-content\/uploads\/2020\/01\/bolsa-de-trabajo.png\" class=\"attachment-full size-full\" alt=\"\" \/><\/div><div class=\"w-iconbox-meta\"><h4 class=\"w-iconbox-title\" style=\"font-size:26.5px;\">Bolsa de trabajo<\/h4><\/div><\/div><\/div><\/div><\/div><div class=\"vc_col-sm-4 wpb_column vc_column_container has-fill has-link\"><div class=\"vc_column-inner us_custom_348782fb \"><div class=\"wpb_wrapper\"><div class=\"w-iconbox iconpos_top style_default color_custom align_center no_text icontype_img\"><div class=\"w-iconbox-icon\"><img loading=\"lazy\" decoding=\"async\" width=\"63\" height=\"63\" src=\"https:\/\/institutpoblenou.cat\/wp-content\/uploads\/2020\/01\/erasmus.png\" class=\"attachment-full size-full\" alt=\"\" \/><\/div><div class=\"w-iconbox-meta\"><h4 class=\"w-iconbox-title\" style=\"font-size:26.5px;\">Erasmus+<\/h4><\/div><\/div><\/div><a class=\"vc_column-link smooth-scroll\" href=\"https:\/\/institutpoblenou.cat\/erasmus\/\" title=\"ERASMUS+\"><\/a><\/div><\/div><\/div><\/div><\/section><section class=\"l-section wpb_row height_medium\" id=\"blog-md\"><div class=\"l-section-h i-cf\"><div class=\"g-cols vc_row type_default valign_top\"><div class=\"vc_col-sm-12 wpb_column vc_column_container\"><div class=\"vc_column-inner\"><div class=\"wpb_wrapper\"><div class=\"wpb_text_column sub-ttl\"><div class=\"wpb_wrapper\"><h3 style=\"text-align: center;\">El blog del Institut Poblenou<\/h3>\n<\/div><\/div><h4 class=\"w-grid-none\">No results found.<\/h4><\/div><\/div><\/div><\/div><\/div><\/section>\n","protected":false},"excerpt":{"rendered":"Servicios Bolsa de trabajo Impulsa el teu futur en tan sols un clic\u00bfQuieres trabajar de lo que has estudiado? El Institut Poblenou est\u00e1 adherido a la bolsa de trabajo de FP Empresa (Asociaci\u00f3n de Centros de Formaci\u00f3n Profesional) Tanto si eres alumno o exalumno, te animamos a registrarte para optar a todas las ofertas. Una...","protected":false},"author":1,"featured_media":0,"parent":10618,"menu_order":0,"comment_status":"closed","ping_status":"closed","template":"","meta":{"_acf_changed":false,"footnotes":"","_links_to":"","_links_to_target":""},"class_list":["post-10622","page","type-page","status-publish","hentry"],"acf":[],"yoast_head":"<!-- This site is optimized with the Yoast SEO plugin v25.4 - https:\/\/yoast.com\/wordpress\/plugins\/seo\/ -->\n<title>Bolsa de trabajo - Institut Poblenou<\/title>\n<meta name=\"robots\" content=\"index, follow, max-snippet:-1, max-image-preview:large, max-video-preview:-1\" \/>\n<link rel=\"canonical\" href=\"https:\/\/institutpoblenou.cat\/sp\/servicios\/bolsa-de-trabajo\/\" \/>\n<meta property=\"og:locale\" content=\"es_MX\" \/>\n<meta property=\"og:type\" content=\"article\" \/>\n<meta property=\"og:title\" content=\"Bolsa de trabajo - Institut Poblenou\" \/>\n<meta property=\"og:url\" content=\"https:\/\/institutpoblenou.cat\/sp\/servicios\/bolsa-de-trabajo\/\" \/>\n<meta property=\"og:site_name\" content=\"Institut Poblenou\" \/>\n<meta property=\"article:modified_time\" content=\"2025-04-21T21:15:56+00:00\" \/>\n<meta property=\"og:image\" content=\"https:\/\/institutpoblenou.cat\/wp-content\/uploads\/2021\/01\/bolsa-de-empleo-300x147.png\" \/>\n<meta name=\"twitter:card\" content=\"summary_large_image\" \/>\n<meta name=\"twitter:label1\" content=\"Est. reading time\" \/>\n\t<meta name=\"twitter:data1\" content=\"3 minutes\" \/>\n<script type=\"application\/ld+json\" class=\"yoast-schema-graph\">{\"@context\":\"https:\/\/schema.org\",\"@graph\":[{\"@type\":\"WebPage\",\"@id\":\"https:\/\/institutpoblenou.cat\/sp\/servicios\/bolsa-de-trabajo\/\",\"url\":\"https:\/\/institutpoblenou.cat\/sp\/servicios\/bolsa-de-trabajo\/\",\"name\":\"Bolsa de trabajo - Institut Poblenou\",\"isPartOf\":{\"@id\":\"https:\/\/institutpoblenou.cat\/sp\/#website\"},\"primaryImageOfPage\":{\"@id\":\"https:\/\/institutpoblenou.cat\/sp\/servicios\/bolsa-de-trabajo\/#primaryimage\"},\"image\":{\"@id\":\"https:\/\/institutpoblenou.cat\/sp\/servicios\/bolsa-de-trabajo\/#primaryimage\"},\"thumbnailUrl\":\"https:\/\/institutpoblenou.cat\/wp-content\/uploads\/2021\/01\/bolsa-de-empleo-300x147.png\",\"datePublished\":\"2025-04-21T21:15:54+00:00\",\"dateModified\":\"2025-04-21T21:15:56+00:00\",\"breadcrumb\":{\"@id\":\"https:\/\/institutpoblenou.cat\/sp\/servicios\/bolsa-de-trabajo\/#breadcrumb\"},\"inLanguage\":\"es-MX\",\"potentialAction\":[{\"@type\":\"ReadAction\",\"target\":[\"https:\/\/institutpoblenou.cat\/sp\/servicios\/bolsa-de-trabajo\/\"]}]},{\"@type\":\"ImageObject\",\"inLanguage\":\"es-MX\",\"@id\":\"https:\/\/institutpoblenou.cat\/sp\/servicios\/bolsa-de-trabajo\/#primaryimage\",\"url\":\"https:\/\/institutpoblenou.cat\/wp-content\/uploads\/2021\/01\/bolsa-de-empleo-300x147.png\",\"contentUrl\":\"https:\/\/institutpoblenou.cat\/wp-content\/uploads\/2021\/01\/bolsa-de-empleo-300x147.png\"},{\"@type\":\"BreadcrumbList\",\"@id\":\"https:\/\/institutpoblenou.cat\/sp\/servicios\/bolsa-de-trabajo\/#breadcrumb\",\"itemListElement\":[{\"@type\":\"ListItem\",\"position\":1,\"name\":\"Portada\",\"item\":\"https:\/\/institutpoblenou.cat\/sp\/\"},{\"@type\":\"ListItem\",\"position\":2,\"name\":\"Servicios\",\"item\":\"https:\/\/institutpoblenou.cat\/sp\/serveis\/borsa-de-treball\/\"},{\"@type\":\"ListItem\",\"position\":3,\"name\":\"Bolsa de trabajo\"}]},{\"@type\":\"WebSite\",\"@id\":\"https:\/\/institutpoblenou.cat\/sp\/#website\",\"url\":\"https:\/\/institutpoblenou.cat\/sp\/\",\"name\":\"Institut Poblenou\",\"description\":\"Otro sitio realizado con WordPress\",\"potentialAction\":[{\"@type\":\"SearchAction\",\"target\":{\"@type\":\"EntryPoint\",\"urlTemplate\":\"https:\/\/institutpoblenou.cat\/sp\/?s={search_term_string}\"},\"query-input\":{\"@type\":\"PropertyValueSpecification\",\"valueRequired\":true,\"valueName\":\"search_term_string\"}}],\"inLanguage\":\"es-MX\"}]}<\/script>\n<!-- \/ Yoast SEO plugin. -->","yoast_head_json":{"title":"Bolsa de trabajo - Institut Poblenou","robots":{"index":"index","follow":"follow","max-snippet":"max-snippet:-1","max-image-preview":"max-image-preview:large","max-video-preview":"max-video-preview:-1"},"canonical":"https:\/\/institutpoblenou.cat\/sp\/servicios\/bolsa-de-trabajo\/","og_locale":"es_MX","og_type":"article","og_title":"Bolsa de trabajo - Institut Poblenou","og_url":"https:\/\/institutpoblenou.cat\/sp\/servicios\/bolsa-de-trabajo\/","og_site_name":"Institut Poblenou","article_modified_time":"2025-04-21T21:15:56+00:00","og_image":[{"url":"https:\/\/institutpoblenou.cat\/wp-content\/uploads\/2021\/01\/bolsa-de-empleo-300x147.png","type":"","width":"","height":""}],"twitter_card":"summary_large_image","twitter_misc":{"Est. reading time":"3 minutes"},"schema":{"@context":"https:\/\/schema.org","@graph":[{"@type":"WebPage","@id":"https:\/\/institutpoblenou.cat\/sp\/servicios\/bolsa-de-trabajo\/","url":"https:\/\/institutpoblenou.cat\/sp\/servicios\/bolsa-de-trabajo\/","name":"Bolsa de trabajo - Institut Poblenou","isPartOf":{"@id":"https:\/\/institutpoblenou.cat\/sp\/#website"},"primaryImageOfPage":{"@id":"https:\/\/institutpoblenou.cat\/sp\/servicios\/bolsa-de-trabajo\/#primaryimage"},"image":{"@id":"https:\/\/institutpoblenou.cat\/sp\/servicios\/bolsa-de-trabajo\/#primaryimage"},"thumbnailUrl":"https:\/\/institutpoblenou.cat\/wp-content\/uploads\/2021\/01\/bolsa-de-empleo-300x147.png","datePublished":"2025-04-21T21:15:54+00:00","dateModified":"2025-04-21T21:15:56+00:00","breadcrumb":{"@id":"https:\/\/institutpoblenou.cat\/sp\/servicios\/bolsa-de-trabajo\/#breadcrumb"},"inLanguage":"es-MX","potentialAction":[{"@type":"ReadAction","target":["https:\/\/institutpoblenou.cat\/sp\/servicios\/bolsa-de-trabajo\/"]}]},{"@type":"ImageObject","inLanguage":"es-MX","@id":"https:\/\/institutpoblenou.cat\/sp\/servicios\/bolsa-de-trabajo\/#primaryimage","url":"https:\/\/institutpoblenou.cat\/wp-content\/uploads\/2021\/01\/bolsa-de-empleo-300x147.png","contentUrl":"https:\/\/institutpoblenou.cat\/wp-content\/uploads\/2021\/01\/bolsa-de-empleo-300x147.png"},{"@type":"BreadcrumbList","@id":"https:\/\/institutpoblenou.cat\/sp\/servicios\/bolsa-de-trabajo\/#breadcrumb","itemListElement":[{"@type":"ListItem","position":1,"name":"Portada","item":"https:\/\/institutpoblenou.cat\/sp\/"},{"@type":"ListItem","position":2,"name":"Servicios","item":"https:\/\/institutpoblenou.cat\/sp\/serveis\/borsa-de-treball\/"},{"@type":"ListItem","position":3,"name":"Bolsa de trabajo"}]},{"@type":"WebSite","@id":"https:\/\/institutpoblenou.cat\/sp\/#website","url":"https:\/\/institutpoblenou.cat\/sp\/","name":"Institut Poblenou","description":"Otro sitio realizado con WordPress","potentialAction":[{"@type":"SearchAction","target":{"@type":"EntryPoint","urlTemplate":"https:\/\/institutpoblenou.cat\/sp\/?s={search_term_string}"},"query-input":{"@type":"PropertyValueSpecification","valueRequired":true,"valueName":"search_term_string"}}],"inLanguage":"es-MX"}]}},"_links":{"self":[{"href":"https:\/\/institutpoblenou.cat\/sp\/wp-json\/wp\/v2\/pages\/10622","targetHints":{"allow":["GET"]}}],"collection":[{"href":"https:\/\/institutpoblenou.cat\/sp\/wp-json\/wp\/v2\/pages"}],"about":[{"href":"https:\/\/institutpoblenou.cat\/sp\/wp-json\/wp\/v2\/types\/page"}],"author":[{"embeddable":true,"href":"https:\/\/institutpoblenou.cat\/sp\/wp-json\/wp\/v2\/users\/1"}],"replies":[{"embeddable":true,"href":"https:\/\/institutpoblenou.cat\/sp\/wp-json\/wp\/v2\/comments?post=10622"}],"version-history":[{"count":2,"href":"https:\/\/institutpoblenou.cat\/sp\/wp-json\/wp\/v2\/pages\/10622\/revisions"}],"predecessor-version":[{"id":10629,"href":"https:\/\/institutpoblenou.cat\/sp\/wp-json\/wp\/v2\/pages\/10622\/revisions\/10629"}],"up":[{"embeddable":true,"href":"https:\/\/institutpoblenou.cat\/sp\/wp-json\/wp\/v2\/pages\/10618"}],"wp:attachment":[{"href":"https:\/\/institutpoblenou.cat\/sp\/wp-json\/wp\/v2\/media?parent=10622"}],"curies":[{"name":"wp","href":"https:\/\/api.w.org\/{rel}","templated":true}]}}