{"id":10641,"date":"2025-04-21T21:19:20","date_gmt":"2025-04-21T21:19:20","guid":{"rendered":"https:\/\/institutpoblenou.cat\/reconocimiento-academico\/"},"modified":"2025-04-21T21:19:22","modified_gmt":"2025-04-21T21:19:22","slug":"reconocimiento-academico","status":"publish","type":"page","link":"https:\/\/institutpoblenou.cat\/sp\/reconocimiento-academico\/","title":{"rendered":"Reconocimiento acad\u00e9mico"},"content":{"rendered":"<section class=\"l-section wpb_row height_medium inner-md with_img\" id=\"hd-md\"><div class=\"l-section-img\" style=\"background-image: url(https:\/\/institutpoblenou.cat\/wp-content\/uploads\/2020\/03\/reconeixement-header.jpg);\" data-img-width=\"1450\" data-img-height=\"622\"><\/div><div class=\"l-section-h i-cf\"><div class=\"g-cols vc_row type_default valign_top\"><div class=\"vc_col-sm-12 wpb_column vc_column_container\"><div class=\"vc_column-inner\"><div class=\"wpb_wrapper\"><div class=\"wpb_text_column sub-ttl\"><div class=\"wpb_wrapper\"><h3>Servicios a empresa<\/h3>\n<\/div><\/div><div class=\"wpb_text_column ttl\"><div class=\"wpb_wrapper\"><h1>Reconocimiento<\/h1>\n<\/div><\/div><p class=\"w-text align_left\"><a class=\"w-text-h\" href=\"#prllx-md\"><i class=\"fas fa-caret-down\"><\/i><span class=\"w-text-value\">Impulsa tu futuro en tan solo un clic<\/span><\/a><\/p><\/div><\/div><\/div><\/div><\/div><\/section><section class=\"l-section wpb_row height_medium\"><div class=\"l-section-h i-cf\"><div class=\"g-cols vc_row type_default valign_top\"><div class=\"vc_col-sm-12 wpb_column vc_column_container\"><div class=\"vc_column-inner\"><div class=\"wpb_wrapper\"><div class=\"wpb_text_column sub-ttl\"><div class=\"wpb_wrapper\"><h3 style=\"text-align: center;\">\u00bfEn qu\u00e9 consiste el reconocimiento acad\u00e9mico?<\/h3>\n<\/div><\/div><div class=\"wpb_text_column txt\"><div class=\"wpb_wrapper\"><p style=\"text-align: center;\">Se trata de un servicio de reconocimiento acad\u00e9mico oficial de un aprendizaje adquirido mediante experiencia laboral o en actividades sociales de al menos dos a\u00f1os en el sector relacionado con el ciclo formativo del que se solicita dicho reconocimiento.<\/p>\n<\/div><\/div><\/div><\/div><\/div><\/div><\/div><\/section><section class=\"l-section wpb_row height_medium\"><div class=\"l-section-h i-cf\"><div class=\"g-cols vc_row type_default valign_top\"><div class=\"vc_col-sm-12 wpb_column vc_column_container\"><div class=\"vc_column-inner\"><div class=\"wpb_wrapper\"><div class=\"g-cols wpb_row  type_default valign_top vc_inner img-right\"><div class=\"vc_col-sm-6 wpb_column vc_column_container\"><div class=\"vc_column-inner\"><div class=\"wpb_wrapper\"><div class=\"wpb_text_column intro\"><div class=\"wpb_wrapper\"><h4 style=\"text-align: left;\">\u00bfA qui\u00e9n va dirigido?<\/h4>\n<\/div><\/div><div class=\"wpb_text_column txt\"><div class=\"wpb_wrapper\"><p>El reconocimiento acad\u00e9mico est\u00e1 dirigido a personas mayores de 18 a\u00f1os que puedan demostrar dos a\u00f1os de experiencia laboral o en actividades sociales en el sector relacionado con el ciclo formativo del que solicitan dicho reconocimiento.<\/p>\n<p>Para formar parte del proceso, es imprescindible un <a href=\"https:\/\/institutpoblenou.cat\/servicios-a-empresa\/asessorament\/\">informe de asesoramiento<\/a>.<\/p>\n<\/div><\/div><div class=\"wpb_text_column intro\"><div class=\"wpb_wrapper\"><h4 style=\"text-align: left;\">\u00bfQu\u00e9 coste tiene el servicio?<\/h4>\n<\/div><\/div><div class=\"wpb_text_column txt\"><div class=\"wpb_wrapper\"><ul>\n<li>El coste es de 18\u20ac por unidad formativa de los t\u00edtulos LOE<\/li>\n<li>Se contemplan bonificaciones y exenciones<\/li>\n<\/ul>\n<\/div><\/div><\/div><\/div><\/div><div class=\"vc_col-sm-6 wpb_column vc_column_container\"><div class=\"vc_column-inner\"><div class=\"wpb_wrapper\"><div class=\"w-image align_none\"><div class=\"w-image-h\"><img loading=\"lazy\" decoding=\"async\" width=\"589\" height=\"464\" src=\"https:\/\/institutpoblenou.cat\/wp-content\/uploads\/2020\/03\/reconeixement-inner.jpg\" class=\"attachment-full size-full\" alt=\"\" srcset=\"https:\/\/institutpoblenou.cat\/wp-content\/uploads\/2020\/03\/reconeixement-inner.jpg 589w, https:\/\/institutpoblenou.cat\/wp-content\/uploads\/2020\/03\/reconeixement-inner-300x236.jpg 300w\" sizes=\"auto, (max-width: 589px) 100vw, 589px\" \/><\/div><\/div><\/div><\/div><\/div><\/div><div class=\"g-cols wpb_row  us_custom_4cfb87d6 type_default valign_top vc_inner\"><div class=\"vc_col-sm-6 wpb_column vc_column_container\"><div class=\"vc_column-inner\"><div class=\"wpb_wrapper\"><div class=\"w-image align_none\"><div class=\"w-image-h\"><img loading=\"lazy\" decoding=\"async\" width=\"589\" height=\"464\" src=\"https:\/\/institutpoblenou.cat\/wp-content\/uploads\/2020\/03\/reconeixement-inner-2.jpg\" class=\"attachment-full size-full\" alt=\"\" srcset=\"https:\/\/institutpoblenou.cat\/wp-content\/uploads\/2020\/03\/reconeixement-inner-2.jpg 589w, https:\/\/institutpoblenou.cat\/wp-content\/uploads\/2020\/03\/reconeixement-inner-2-300x236.jpg 300w\" sizes=\"auto, (max-width: 589px) 100vw, 589px\" \/><\/div><\/div><\/div><\/div><\/div><div class=\"vc_col-sm-6 wpb_column vc_column_container\"><div class=\"vc_column-inner\"><div class=\"wpb_wrapper\"><div class=\"wpb_text_column intro\"><div class=\"wpb_wrapper\"><h4 style=\"text-align: left;\">\u00bfCu\u00e1l es el proceso de Reconocimiento Acad\u00e9mico?<\/h4>\n<\/div><\/div><div class=\"wpb_text_column txt\"><div class=\"wpb_wrapper\"><p style=\"text-align: left;\">El\/la solicitante ser\u00e1 evaluado\/a por la junta de reconocimiento constituida en el centro educativo.<\/p>\n<p>La junta de reconocimiento estar\u00e1 integrada por dos profesores\/as docentes del ciclo formativo, que ser\u00e1n designados por la direcci\u00f3n del centro.<\/p>\n<p>En el caso del reconocimiento del aprendizaje de unidades formativos o cr\u00e9ditos no impartidos por el profesorado de las especialidades propias de la formaci\u00f3n profesional, la direcci\u00f3n del centro podr\u00e1 incorporar un profesor de la atribuci\u00f3n docente que corresponda.<\/p>\n<p>Una vez superado el proceso, el aspirante obtendr\u00e1 una serie de unidades formativas reconocidas acad\u00e9micamente y, por tanto, podr\u00e1 acceder y continuar los estudios de formaci\u00f3n profesional Inicial si cumple los requisitos de acceso.<\/p>\n<\/div><\/div><div class=\"w-btn-wrapper width_auto align_left\"><a class=\"w-btn us-btn-style_1\" href=\"#prllx-md\"><span class=\"w-btn-label\">Pide informaci\u00f3n y hablemos<\/span><\/a><\/div><\/div><\/div><\/div><\/div><div class=\"g-cols wpb_row  type_default valign_top vc_inner\"><div class=\"vc_col-sm-12 wpb_column vc_column_container\"><div class=\"vc_column-inner\"><div class=\"wpb_wrapper\"><\/div><\/div><\/div><\/div><\/div><\/div><\/div><\/div><\/div><\/section><section class=\"l-section wpb_row height_medium\"><div class=\"l-section-h i-cf\"><div class=\"g-cols vc_row type_default valign_top\"><div class=\"vc_col-sm-12 wpb_column vc_column_container\"><div class=\"vc_column-inner\"><div class=\"wpb_wrapper\"><div class=\"wpb_text_column\"><div class=\"wpb_wrapper\"><h4 style=\"text-align: center;\">\u00bfTe ha gustado lo que contamos?<br \/>Comparte con tus amigos<\/h4>\n<\/div><\/div><div class=\"w-sharing type_solid align_center color_default\"><div class=\"w-sharing-list\" data-sharing-url=\"https:\/\/institutpoblenou.cat\/sp\/wp-json\/wp\/v2\/pages\/10641\" data-sharing-image=\"\"><a class=\"w-sharing-item email\" href=\"javascript:void(0)\" title=\"Email this\" aria-label=\"Email this\"><span class=\"w-sharing-icon\"><\/span><\/a><a class=\"w-sharing-item facebook\" href=\"javascript:void(0)\" title=\"Share this\" aria-label=\"Share this\"><span class=\"w-sharing-icon\"><\/span><\/a><a class=\"w-sharing-item twitter\" href=\"javascript:void(0)\" title=\"Tweet this\" aria-label=\"Tweet this\"><span class=\"w-sharing-icon\"><\/span><\/a><a class=\"w-sharing-item linkedin\" href=\"javascript:void(0)\" title=\"Share this\" aria-label=\"Share this\"><span class=\"w-sharing-icon\"><\/span><\/a><a class=\"w-sharing-item pinterest\" href=\"javascript:void(0)\" title=\"Pin this\" aria-label=\"Pin this\"><span class=\"w-sharing-icon\"><\/span><\/a><a class=\"w-sharing-item whatsapp\" href=\"javascript:void(0)\" title=\"Share this\" aria-label=\"Share this\"><span class=\"w-sharing-icon\"><\/span><\/a><a class=\"w-sharing-item reddit\" href=\"javascript:void(0)\" title=\"Share this\" aria-label=\"Share this\"><span class=\"w-sharing-icon\"><\/span><\/a><\/div><\/div><\/div><\/div><\/div><\/div><\/div><\/section><section class=\"l-section wpb_row height_medium with_img parallax_ver\" id=\"prllx-md\"><div class=\"l-section-img\" style=\"background-image: url(https:\/\/institutpoblenou.cat\/wp-content\/uploads\/2020\/03\/empresa-parallax.jpg);\" data-img-width=\"1450\" data-img-height=\"1371\"><\/div><div class=\"l-section-h i-cf\"><div class=\"g-cols vc_row type_default valign_top\"><div class=\"vc_col-sm-12 wpb_column vc_column_container\"><div class=\"vc_column-inner\"><div class=\"wpb_wrapper\"><div class=\"w-image align_center\"><div class=\"w-image-h\"><img loading=\"lazy\" decoding=\"async\" width=\"104\" height=\"104\" src=\"https:\/\/institutpoblenou.cat\/wp-content\/uploads\/2020\/01\/parallax-img-ecaib.png\" class=\"attachment-full size-full\" alt=\"\" \/><\/div><\/div><div class=\"wpb_text_column sub-ttl\"><div class=\"wpb_wrapper\"><h3 style=\"text-align: center;\">Impulsa tu futuro con un solo clic<\/h3>\n<\/div><\/div><div class=\"wpb_text_column txt\"><div class=\"wpb_wrapper\"><p style=\"text-align: center;\">\u00bfQuieres desarrollar tu carrera con un grado de Formaci\u00f3n Profesional o un Programa de Formaci\u00f3n e Inserci\u00f3n? Dejanos tus datos y estaremos encantados de asesorarte para que trobes la opci\u00f3n que m\u00e1s se adapta a ti. <\/p>\n<\/div><\/div><div class=\"g-cols wpb_row  type_default valign_top vc_inner form-md\"><div class=\"vc_col-sm-12 wpb_column vc_column_container\"><div class=\"vc_column-inner\"><div class=\"wpb_wrapper\">\n<div class=\"wpcf7 no-js\" id=\"wpcf7-f5-o1\" lang=\"es-ES\" dir=\"ltr\" data-wpcf7-id=\"5\">\n<div class=\"screen-reader-response\"><p role=\"status\" aria-live=\"polite\" aria-atomic=\"true\"><\/p> <ul><\/ul><\/div>\n<form action=\"\/sp\/wp-json\/wp\/v2\/pages\/10641#wpcf7-f5-o1\" method=\"post\" class=\"wpcf7-form init wpcf7-acceptance-as-validation\" aria-label=\"Contact form\" novalidate=\"novalidate\" data-status=\"init\">\n<fieldset class=\"hidden-fields-container\"><input type=\"hidden\" name=\"_wpcf7\" value=\"5\" \/><input type=\"hidden\" name=\"_wpcf7_version\" value=\"6.1\" \/><input type=\"hidden\" name=\"_wpcf7_locale\" value=\"es_ES\" \/><input type=\"hidden\" name=\"_wpcf7_unit_tag\" value=\"wpcf7-f5-o1\" \/><input type=\"hidden\" name=\"_wpcf7_container_post\" value=\"0\" \/><input type=\"hidden\" name=\"_wpcf7_posted_data_hash\" value=\"\" \/><input type=\"hidden\" name=\"_wpcf7_recaptcha_response\" value=\"\" \/>\n<\/fieldset>\n<div class=\"form-prllx\">\n\t<div class=\"form-left\">\n\t\t<div class=\"half\">\n\t\t\t<p><span class=\"wpcf7-form-control-wrap\" data-name=\"your-name\"><input size=\"40\" maxlength=\"400\" class=\"wpcf7-form-control wpcf7-text wpcf7-validates-as-required\" aria-required=\"true\" aria-invalid=\"false\" placeholder=\"Nombre\" value=\"\" type=\"text\" name=\"your-name\" \/><\/span><span class=\"wpcf7-form-control-wrap\" data-name=\"your-email\"><input size=\"40\" maxlength=\"400\" class=\"wpcf7-form-control wpcf7-email wpcf7-validates-as-required wpcf7-text wpcf7-validates-as-email\" aria-required=\"true\" aria-invalid=\"false\" placeholder=\"Email\" value=\"\" type=\"email\" name=\"your-email\" \/><\/span><span class=\"wpcf7-form-control-wrap\" data-name=\"your-phone\"><input size=\"40\" maxlength=\"400\" class=\"wpcf7-form-control wpcf7-tel wpcf7-validates-as-required wpcf7-text wpcf7-validates-as-tel\" aria-required=\"true\" aria-invalid=\"false\" placeholder=\"Tel\u00e9fono\" value=\"\" type=\"tel\" name=\"your-phone\" \/><\/span><span class=\"wpcf7-form-control-wrap\" data-name=\"your-hour\"><select class=\"wpcf7-form-control wpcf7-select wpcf7-validates-as-required\" aria-required=\"true\" aria-invalid=\"false\" name=\"your-hour\"><option value=\"\">Tema de consulta<\/option><option value=\"Plazas disponibles\">Plazas disponibles<\/option><option value=\"Certificados y tr\u00e1mites\">Certificados y tr\u00e1mites<\/option><option value=\"Informaci\u00f3n ciclos\">Informaci\u00f3n ciclos<\/option><option value=\"Requisitos acceso\">Requisitos acceso<\/option><option value=\"Informaci\u00f3n PFI\">Informaci\u00f3n PFI<\/option><option value=\"Informaci\u00f3n IFE\">Informaci\u00f3n IFE<\/option><\/select><\/span><span class=\"wpcf7-form-control-wrap\" data-name=\"your-cicle\"><select class=\"wpcf7-form-control wpcf7-select wpcf7-validates-as-required\" aria-required=\"true\" aria-invalid=\"false\" name=\"your-cicle\"><option value=\"\">Ciclo formativo<\/option><option value=\"GM Gesti\u00f3n Administrativa\">GM Gesti\u00f3n Administrativa<\/option><option value=\"GM Actividades Comerciales\">GM Actividades Comerciales<\/option><option value=\"GM Sistemas Microinform\u00e1ticos y Redes i xarxes\">GM Sistemas Microinform\u00e1ticos y Redes i xarxes<\/option><option value=\"GS Administraci\u00f3n y Finanzas\">GS Administraci\u00f3n y Finanzas<\/option><option value=\"GS Seguros (Administraci\u00f3n y Finanzas)\">GS Seguros (Administraci\u00f3n y Finanzas)<\/option><option value=\"GS Comercio Internacional\">GS Comercio Internacional<\/option><option value=\"GS Gesti\u00f3n de Ventas y Espacios Comerciales\">GS Gesti\u00f3n de Ventas y Espacios Comerciales<\/option><option value=\"GS Marketing y Publicidad\">GS Marketing y Publicidad<\/option><option value=\"GS Marketing Digital\">GS Marketing Digital<\/option><option value=\"GS Desarrollo de Aplicaciones Multiplataforma\">GS Desarrollo de Aplicaciones Multiplataforma<\/option><option value=\"GS Administraci\u00f3n de Sistemas Inform\u00e1ticos en Red\">GS Administraci\u00f3n de Sistemas Inform\u00e1ticos en Red<\/option><option value=\"PFI Auxiliar de Actividades de Oficina\">PFI Auxiliar de Actividades de Oficina<\/option><option value=\"PFI Auxiliar de Montaje i Mantenimento de Equipos Inform\u00e1ticos\">PFI Auxiliar de Montaje i Mantenimento de Equipos Inform\u00e1ticos<\/option><option value=\"PFI Auxiliar de Ventas, Oficina i Atenci\u00f3n al P\u00fablico\">PFI Auxiliar de Ventas, Oficina i Atenci\u00f3n al P\u00fablico<\/option><option value=\"PFI Auxiliar de Comercio i Atenci\u00f3n al P\u00fablico\">PFI Auxiliar de Comercio i Atenci\u00f3n al P\u00fablico<\/option><option value=\"IFE Auxiliar en Ventas i Atenci\u00f3n al P\u00fablico\">IFE Auxiliar en Ventas i Atenci\u00f3n al P\u00fablico<\/option><\/select><\/span>\n\t\t\t<\/p>\n\t\t<\/div>\n\t\t<div class=\"half\">\n\t\t\t<p><span class=\"wpcf7-form-control-wrap\" data-name=\"your-textarea\"><textarea cols=\"40\" rows=\"10\" maxlength=\"2000\" class=\"wpcf7-form-control wpcf7-textarea\" aria-invalid=\"false\" placeholder=\"\u00bfQuieres especificar tu consulta?\" name=\"your-textarea\"><\/textarea><\/span>\n\t\t\t<\/p>\n\t\t<\/div>\n\t<\/div>\n\t<div class=\"enviar\">\n\t\t<p><input class=\"wpcf7-form-control wpcf7-submit has-spinner\" type=\"submit\" value=\"Solicita informaci\u00f3n\" \/>\n\t\t<\/p>\n\t<\/div>\n<\/div>\n<div class=\"legal\">\n\t<p><span class=\"wpcf7-form-control-wrap\" data-name=\"acceptance-646\"><span class=\"wpcf7-form-control wpcf7-acceptance\"><span class=\"wpcf7-list-item\"><label><input type=\"checkbox\" name=\"acceptance-646\" value=\"1\" aria-invalid=\"false\" \/><span class=\"wpcf7-list-item-label\">*Acepto los <a href=\"\/politica-privacidad\/\" target=\"_blank\">t\u00e9rminos y condiciones<\/a><\/span><\/label><\/span><\/span><\/span><br \/>\n<span class=\"wpcf7-form-control-wrap\" data-name=\"acceptance-647\"><span class=\"wpcf7-form-control wpcf7-acceptance optional\"><span class=\"wpcf7-list-item\"><label><input type=\"checkbox\" name=\"acceptance-647\" value=\"1\" aria-invalid=\"false\" \/><span class=\"wpcf7-list-item-label\">*Quiero recibir respuesta del Institut Poblenou<\/span><\/label><\/span><\/span><\/span>\n\t<\/p>\n<\/div>\n<p style=\"margin:0; padding:0; line-height: 0; Height:0;\"><span id=\"wpcf7-69d79d5404dcb-wrapper\" class=\"wpcf7-form-control-wrap honeypot-781-wrap\" style=\"display:none !important; visibility:hidden !important;\"><label for=\"hddn-form\" class=\"hp-message\">Please leave this field empty.<\/label><input id=\"hddn-form\"  class=\"wpcf7-form-control wpcf7-text\" type=\"text\" name=\"honeypot-781\" value=\"\" size=\"40\" tabindex=\"-1\" autocomplete=\"new-password\" \/><\/span>\n<\/p><div class=\"wpcf7-response-output\" aria-hidden=\"true\"><\/div>\n<\/form>\n<\/div>\n<\/div><\/div><\/div><\/div><\/div><\/div><\/div><\/div><\/div><\/section><section class=\"l-section wpb_row height_medium width_full\" id=\"icon-md\"><div class=\"l-section-h i-cf\"><div class=\"g-cols vc_row type_default valign_top\"><div class=\"vc_col-sm-4 wpb_column vc_column_container has-fill has-link\"><div class=\"vc_column-inner us_custom_348782fb \"><div class=\"wpb_wrapper\"><div class=\"w-iconbox iconpos_top style_default color_custom align_center no_text icontype_img\"><div class=\"w-iconbox-icon\"><img loading=\"lazy\" decoding=\"async\" width=\"63\" height=\"62\" src=\"https:\/\/institutpoblenou.cat\/wp-content\/uploads\/2020\/01\/formacion-dual.png\" class=\"attachment-full size-full\" alt=\"\" \/><\/div><div class=\"w-iconbox-meta\"><h4 class=\"w-iconbox-title\" style=\"font-size:26.5px;\">Formaci\u00f3n dual<\/h4><\/div><\/div><\/div><a class=\"vc_column-link smooth-scroll\" href=\"https:\/\/institutpoblenou.cat\/es\/formacion\/que-es-la-fp-dual\/\" title=\"FP Dual\"><\/a><\/div><\/div><div class=\"vc_col-sm-4 wpb_column vc_column_container has-fill has-link\"><div class=\"vc_column-inner us_custom_348782fb \"><div class=\"wpb_wrapper\"><div class=\"w-iconbox iconpos_top style_default color_custom align_center no_text icontype_img\"><div class=\"w-iconbox-icon\"><img loading=\"lazy\" decoding=\"async\" width=\"68\" height=\"64\" src=\"https:\/\/institutpoblenou.cat\/wp-content\/uploads\/2020\/01\/bolsa-de-trabajo.png\" class=\"attachment-full size-full\" alt=\"\" \/><\/div><div class=\"w-iconbox-meta\"><h4 class=\"w-iconbox-title\" style=\"font-size:26.5px;\">Bolsa de trabajo<\/h4><\/div><\/div><\/div><a class=\"vc_column-link smooth-scroll\" href=\"https:\/\/institutpoblenou.cat\/es\/servicios\/bolsa-de-trabajo\/\" title=\"Bolsa de trabajo\"><\/a><\/div><\/div><div class=\"vc_col-sm-4 wpb_column vc_column_container has-fill has-link\"><div class=\"vc_column-inner us_custom_348782fb \"><div class=\"wpb_wrapper\"><div class=\"w-iconbox iconpos_top style_default color_custom align_center no_text icontype_img\"><div class=\"w-iconbox-icon\"><img loading=\"lazy\" decoding=\"async\" width=\"63\" height=\"63\" src=\"https:\/\/institutpoblenou.cat\/wp-content\/uploads\/2020\/01\/erasmus.png\" class=\"attachment-full size-full\" alt=\"\" \/><\/div><div class=\"w-iconbox-meta\"><h4 class=\"w-iconbox-title\" style=\"font-size:26.5px;\">Erasmus+<\/h4><\/div><\/div><\/div><a class=\"vc_column-link smooth-scroll\" href=\"https:\/\/institutpoblenou.cat\/es\/erasmus\/\" title=\"ERASMUS+\"><\/a><\/div><\/div><\/div><\/div><\/section><section class=\"l-section wpb_row height_medium\" id=\"blog-md\"><div class=\"l-section-h i-cf\"><div class=\"g-cols vc_row type_default valign_top\"><div class=\"vc_col-sm-12 wpb_column vc_column_container\"><div class=\"vc_column-inner\"><div class=\"wpb_wrapper\"><div class=\"wpb_text_column sub-ttl\"><div class=\"wpb_wrapper\"><h3 style=\"text-align: center;\">El blog del Institut Poblenou<\/h3>\n<\/div><\/div><h4 class=\"w-grid-none\">No results found.<\/h4><\/div><\/div><\/div><\/div><\/div><\/section>\n","protected":false},"excerpt":{"rendered":"Servicios a empresa Reconocimiento Impulsa tu futuro en tan solo un clic \u00bfEn qu\u00e9 consiste el reconocimiento acad\u00e9mico? Se trata de un servicio de reconocimiento acad\u00e9mico oficial de un aprendizaje adquirido mediante experiencia laboral o en actividades sociales de al menos dos a\u00f1os en el sector relacionado con el ciclo formativo del que se solicita...","protected":false},"author":1,"featured_media":0,"parent":0,"menu_order":0,"comment_status":"closed","ping_status":"closed","template":"","meta":{"_acf_changed":false,"footnotes":"","_links_to":"","_links_to_target":""},"class_list":["post-10641","page","type-page","status-publish","hentry"],"acf":[],"yoast_head":"<!-- This site is optimized with the Yoast SEO plugin v25.4 - https:\/\/yoast.com\/wordpress\/plugins\/seo\/ -->\n<title>Reconocimiento acad\u00e9mico - Institut Poblenou<\/title>\n<meta name=\"robots\" content=\"index, follow, max-snippet:-1, max-image-preview:large, max-video-preview:-1\" \/>\n<link rel=\"canonical\" href=\"https:\/\/institutpoblenou.cat\/sp\/reconocimiento-academico\/\" \/>\n<meta property=\"og:locale\" content=\"es_MX\" \/>\n<meta property=\"og:type\" content=\"article\" \/>\n<meta property=\"og:title\" content=\"Reconocimiento acad\u00e9mico - Institut Poblenou\" \/>\n<meta property=\"og:url\" content=\"https:\/\/institutpoblenou.cat\/sp\/reconocimiento-academico\/\" \/>\n<meta property=\"og:site_name\" content=\"Institut Poblenou\" \/>\n<meta property=\"article:modified_time\" content=\"2025-04-21T21:19:22+00:00\" \/>\n<meta name=\"twitter:card\" content=\"summary_large_image\" \/>\n<meta name=\"twitter:label1\" content=\"Est. reading time\" \/>\n\t<meta name=\"twitter:data1\" content=\"4 minutes\" \/>\n<script type=\"application\/ld+json\" class=\"yoast-schema-graph\">{\"@context\":\"https:\/\/schema.org\",\"@graph\":[{\"@type\":\"WebPage\",\"@id\":\"https:\/\/institutpoblenou.cat\/sp\/reconocimiento-academico\/\",\"url\":\"https:\/\/institutpoblenou.cat\/sp\/reconocimiento-academico\/\",\"name\":\"Reconocimiento acad\u00e9mico - Institut Poblenou\",\"isPartOf\":{\"@id\":\"https:\/\/institutpoblenou.cat\/sp\/#website\"},\"datePublished\":\"2025-04-21T21:19:20+00:00\",\"dateModified\":\"2025-04-21T21:19:22+00:00\",\"breadcrumb\":{\"@id\":\"https:\/\/institutpoblenou.cat\/sp\/reconocimiento-academico\/#breadcrumb\"},\"inLanguage\":\"es-MX\",\"potentialAction\":[{\"@type\":\"ReadAction\",\"target\":[\"https:\/\/institutpoblenou.cat\/sp\/reconocimiento-academico\/\"]}]},{\"@type\":\"BreadcrumbList\",\"@id\":\"https:\/\/institutpoblenou.cat\/sp\/reconocimiento-academico\/#breadcrumb\",\"itemListElement\":[{\"@type\":\"ListItem\",\"position\":1,\"name\":\"Portada\",\"item\":\"https:\/\/institutpoblenou.cat\/sp\/\"},{\"@type\":\"ListItem\",\"position\":2,\"name\":\"Reconocimiento acad\u00e9mico\"}]},{\"@type\":\"WebSite\",\"@id\":\"https:\/\/institutpoblenou.cat\/sp\/#website\",\"url\":\"https:\/\/institutpoblenou.cat\/sp\/\",\"name\":\"Institut Poblenou\",\"description\":\"Otro sitio realizado con WordPress\",\"potentialAction\":[{\"@type\":\"SearchAction\",\"target\":{\"@type\":\"EntryPoint\",\"urlTemplate\":\"https:\/\/institutpoblenou.cat\/sp\/?s={search_term_string}\"},\"query-input\":{\"@type\":\"PropertyValueSpecification\",\"valueRequired\":true,\"valueName\":\"search_term_string\"}}],\"inLanguage\":\"es-MX\"}]}<\/script>\n<!-- \/ Yoast SEO plugin. -->","yoast_head_json":{"title":"Reconocimiento acad\u00e9mico - Institut Poblenou","robots":{"index":"index","follow":"follow","max-snippet":"max-snippet:-1","max-image-preview":"max-image-preview:large","max-video-preview":"max-video-preview:-1"},"canonical":"https:\/\/institutpoblenou.cat\/sp\/reconocimiento-academico\/","og_locale":"es_MX","og_type":"article","og_title":"Reconocimiento acad\u00e9mico - Institut Poblenou","og_url":"https:\/\/institutpoblenou.cat\/sp\/reconocimiento-academico\/","og_site_name":"Institut Poblenou","article_modified_time":"2025-04-21T21:19:22+00:00","twitter_card":"summary_large_image","twitter_misc":{"Est. reading time":"4 minutes"},"schema":{"@context":"https:\/\/schema.org","@graph":[{"@type":"WebPage","@id":"https:\/\/institutpoblenou.cat\/sp\/reconocimiento-academico\/","url":"https:\/\/institutpoblenou.cat\/sp\/reconocimiento-academico\/","name":"Reconocimiento acad\u00e9mico - Institut Poblenou","isPartOf":{"@id":"https:\/\/institutpoblenou.cat\/sp\/#website"},"datePublished":"2025-04-21T21:19:20+00:00","dateModified":"2025-04-21T21:19:22+00:00","breadcrumb":{"@id":"https:\/\/institutpoblenou.cat\/sp\/reconocimiento-academico\/#breadcrumb"},"inLanguage":"es-MX","potentialAction":[{"@type":"ReadAction","target":["https:\/\/institutpoblenou.cat\/sp\/reconocimiento-academico\/"]}]},{"@type":"BreadcrumbList","@id":"https:\/\/institutpoblenou.cat\/sp\/reconocimiento-academico\/#breadcrumb","itemListElement":[{"@type":"ListItem","position":1,"name":"Portada","item":"https:\/\/institutpoblenou.cat\/sp\/"},{"@type":"ListItem","position":2,"name":"Reconocimiento acad\u00e9mico"}]},{"@type":"WebSite","@id":"https:\/\/institutpoblenou.cat\/sp\/#website","url":"https:\/\/institutpoblenou.cat\/sp\/","name":"Institut Poblenou","description":"Otro sitio realizado con WordPress","potentialAction":[{"@type":"SearchAction","target":{"@type":"EntryPoint","urlTemplate":"https:\/\/institutpoblenou.cat\/sp\/?s={search_term_string}"},"query-input":{"@type":"PropertyValueSpecification","valueRequired":true,"valueName":"search_term_string"}}],"inLanguage":"es-MX"}]}},"_links":{"self":[{"href":"https:\/\/institutpoblenou.cat\/sp\/wp-json\/wp\/v2\/pages\/10641","targetHints":{"allow":["GET"]}}],"collection":[{"href":"https:\/\/institutpoblenou.cat\/sp\/wp-json\/wp\/v2\/pages"}],"about":[{"href":"https:\/\/institutpoblenou.cat\/sp\/wp-json\/wp\/v2\/types\/page"}],"author":[{"embeddable":true,"href":"https:\/\/institutpoblenou.cat\/sp\/wp-json\/wp\/v2\/users\/1"}],"replies":[{"embeddable":true,"href":"https:\/\/institutpoblenou.cat\/sp\/wp-json\/wp\/v2\/comments?post=10641"}],"version-history":[{"count":2,"href":"https:\/\/institutpoblenou.cat\/sp\/wp-json\/wp\/v2\/pages\/10641\/revisions"}],"predecessor-version":[{"id":10645,"href":"https:\/\/institutpoblenou.cat\/sp\/wp-json\/wp\/v2\/pages\/10641\/revisions\/10645"}],"wp:attachment":[{"href":"https:\/\/institutpoblenou.cat\/sp\/wp-json\/wp\/v2\/media?parent=10641"}],"curies":[{"name":"wp","href":"https:\/\/api.w.org\/{rel}","templated":true}]}}