{"id":11425,"date":"2025-07-14T07:55:46","date_gmt":"2025-07-14T07:55:46","guid":{"rendered":"https:\/\/institutpoblenou.cat\/?page_id=11425"},"modified":"2025-07-14T08:00:51","modified_gmt":"2025-07-14T08:00:51","slug":"ofertas-de-trabajo","status":"publish","type":"page","link":"https:\/\/institutpoblenou.cat\/sp\/servicios\/ofertas-de-trabajo\/","title":{"rendered":"Ofertas de trabajo"},"content":{"rendered":"<section class=\"l-section wpb_row height_medium inner-md with_img\" id=\"hd-md\"><div class=\"l-section-img\" style=\"background-image: url(https:\/\/institutpoblenou.cat\/wp-content\/uploads\/2020\/03\/bolsa-de-trabajo.jpg);\" data-img-width=\"1450\" data-img-height=\"622\"><\/div><div class=\"l-section-h i-cf\"><div class=\"g-cols vc_row type_default valign_top\"><div class=\"vc_col-sm-12 wpb_column vc_column_container\"><div class=\"vc_column-inner\"><div class=\"wpb_wrapper\"><div class=\"wpb_text_column sub-ttl\"><div class=\"wpb_wrapper\"><h3>Servicios<\/h3>\n<\/div><\/div><div class=\"wpb_text_column ttl\"><div class=\"wpb_wrapper\"><h1>Ofertas de trabajo<\/h1>\n<\/div><\/div><p class=\"w-text align_left\"><a class=\"w-text-h\" href=\"#prllx-md\"><i class=\"fas fa-caret-down\"><\/i><span class=\"w-text-value\">Impulsa tu futuro en tan solo un clic<\/span><\/a><\/p><\/div><\/div><\/div><\/div><\/div><\/section><section class=\"l-section wpb_row us_custom_7b79fa25 height_medium\"><div class=\"l-section-h i-cf\"><div class=\"g-cols vc_row type_default valign_top\"><div class=\"vc_col-sm-12 wpb_column vc_column_container\"><div class=\"vc_column-inner\"><div class=\"wpb_wrapper\"><div class=\"wpb_text_column us_custom_79a6436d sub-ttl\"><div class=\"wpb_wrapper\">\n    <form id=\"ofertes-filter-form\">\n        <input type=\"text\" name=\"titulo\" placeholder=\"Cercar por oferta...\">\n\n        <select name=\"municipi\">\n            <option value=\"\">Tots els municipis<\/option>\n                            <option value=\"Sant Cugat del Vall\u00e8s\">Sant Cugat del Vall\u00e8s<\/option>\n                            <option value=\"Barcelona\">Barcelona<\/option>\n                    <\/select>\n\n        <select name=\"horari\">\n            <option value=\"\">Tots els horaris<\/option>\n                            <option value=\"Lunes a jueves: 08:30 a 17:30 h (1 h para comer) Viernes: 08:30 a 13:30 h\">Lunes a jueves: 08:30 a 17:30 h (1 h para comer) Viernes: 08:30 a 13:30 h<\/option>\n                            <option value=\"Nos adaptamos al horario, pero preferiblemente por las ma\u00f1anas o jornada completa.\">Nos adaptamos al horario, pero preferiblemente por las ma\u00f1anas o jornada completa.<\/option>\n                    <\/select>\n\n        <select name=\"estudis\">\n            <option value=\"\">Totes les fam\u00edlies d'estudis<\/option>\n                            <option value=\"GM Gesti\u00f3 Administrativa i GS Administraci\u00f3 i Finances\">GM Gesti\u00f3 Administrativa i GS Administraci\u00f3 i Finances<\/option>\n                            <option value=\"Gesti\u00f3 Administrativa\">Gesti\u00f3 Administrativa<\/option>\n                            <option value=\"Administraci\u00f3 i Finances\">Administraci\u00f3 i Finances<\/option>\n                    <\/select>\n\n        <button type=\"submit\">Filtrar<\/button>\n        <button type=\"button\" id=\"reset-filtros\">Restablir filtres<\/button>\n    <\/form>\n\n    <div id=\"ofertes-results\"><\/div>\n\n    \n<\/div><\/div><\/div><\/div><\/div><\/div><\/div><\/section><section class=\"l-section wpb_row height_medium with_img parallax_ver\" id=\"prllx-md\"><div class=\"l-section-img\" style=\"background-image: url(https:\/\/institutpoblenou.cat\/wp-content\/uploads\/2020\/03\/bolsa-de-trabajo-parallax.jpg);\" data-img-width=\"1450\" data-img-height=\"1371\"><\/div><div class=\"l-section-h i-cf\"><div class=\"g-cols vc_row type_default valign_top\"><div class=\"vc_col-sm-12 wpb_column vc_column_container\"><div class=\"vc_column-inner\"><div class=\"wpb_wrapper\"><div class=\"w-image align_center\"><div class=\"w-image-h\"><img loading=\"lazy\" decoding=\"async\" width=\"104\" height=\"104\" src=\"https:\/\/institutpoblenou.cat\/wp-content\/uploads\/2020\/01\/parallax-img-ecaib.png\" class=\"attachment-full size-full\" alt=\"\" \/><\/div><\/div><div class=\"wpb_text_column sub-ttl\"><div class=\"wpb_wrapper\"><h3 style=\"text-align: center;\">Impulsa tu futuro con un solo clic<\/h3>\n<\/div><\/div><div class=\"wpb_text_column txt\"><div class=\"wpb_wrapper\"><p style=\"text-align: center;\">\u00bfQuieres desarrollar tu carrera con un grado de formaci\u00f3n profesional o un programa de formaci\u00f3n e inserci\u00f3n? D\u00e9janos tus datos y estaremos encantados de asesorarte para que encuentres la opci\u00f3n que m\u00e1s se adapta a ti.<\/p>\n<\/div><\/div><\/div><\/div><\/div><\/div><\/div><\/section><section class=\"l-section wpb_row height_medium width_full\" id=\"icon-md\"><div class=\"l-section-h i-cf\"><div class=\"g-cols vc_row type_default valign_top\"><div class=\"vc_col-sm-4 wpb_column vc_column_container has-fill has-link\"><div class=\"vc_column-inner us_custom_348782fb \"><div class=\"wpb_wrapper\"><div class=\"w-iconbox iconpos_top style_default color_custom align_center no_text icontype_img\"><div class=\"w-iconbox-icon\"><img loading=\"lazy\" decoding=\"async\" width=\"63\" height=\"62\" src=\"https:\/\/institutpoblenou.cat\/wp-content\/uploads\/2020\/01\/formacion-dual.png\" class=\"attachment-full size-full\" alt=\"\" \/><\/div><div class=\"w-iconbox-meta\"><h4 class=\"w-iconbox-title\" style=\"font-size:26.5px;\">Formaci\u00f3n dual<\/h4><\/div><\/div><\/div><a class=\"vc_column-link smooth-scroll\" href=\"https:\/\/institutpoblenou.cat\/sp\/formacion\/que-es-lfp-dual\/\" title=\"FP Dual\"><\/a><\/div><\/div><div class=\"vc_col-sm-4 wpb_column vc_column_container has-fill\"><div class=\"vc_column-inner us_custom_348782fb \"><div class=\"wpb_wrapper\"><div class=\"w-iconbox iconpos_top style_default color_custom align_center no_text icontype_img\"><div class=\"w-iconbox-icon\"><img loading=\"lazy\" decoding=\"async\" width=\"68\" height=\"64\" src=\"https:\/\/institutpoblenou.cat\/wp-content\/uploads\/2020\/01\/bolsa-de-trabajo.png\" class=\"attachment-full size-full\" alt=\"\" \/><\/div><div class=\"w-iconbox-meta\"><h4 class=\"w-iconbox-title\" style=\"font-size:26.5px;\">Bolsa de trabajo<\/h4><\/div><\/div><\/div><\/div><\/div><div class=\"vc_col-sm-4 wpb_column vc_column_container has-fill has-link\"><div class=\"vc_column-inner us_custom_348782fb \"><div class=\"wpb_wrapper\"><div class=\"w-iconbox iconpos_top style_default color_custom align_center no_text icontype_img\"><div class=\"w-iconbox-icon\"><img loading=\"lazy\" decoding=\"async\" width=\"63\" height=\"63\" src=\"https:\/\/institutpoblenou.cat\/wp-content\/uploads\/2020\/01\/erasmus.png\" class=\"attachment-full size-full\" alt=\"\" \/><\/div><div class=\"w-iconbox-meta\"><h4 class=\"w-iconbox-title\" style=\"font-size:26.5px;\">Erasmus+<\/h4><\/div><\/div><\/div><a class=\"vc_column-link smooth-scroll\" href=\"https:\/\/institutpoblenou.cat\/sp\/erasmus\/\" title=\"ERASMUS+\"><\/a><\/div><\/div><\/div><\/div><\/section>\n","protected":false},"excerpt":{"rendered":"Servicios Ofertas de trabajo Impulsa tu futuro en tan solo un clic Tots els municipis Sant Cugat del Vall\u00e8s Barcelona Tots els horaris Lunes a jueves: 08:30 a 17:30 h (1 h para comer) Viernes: 08:30 a 13:30 h Nos adaptamos al horario, pero preferiblemente por las ma\u00f1anas o jornada completa. Totes les fam\u00edlies d'estudis...","protected":false},"author":2,"featured_media":0,"parent":10618,"menu_order":0,"comment_status":"closed","ping_status":"closed","template":"","meta":{"_acf_changed":false,"footnotes":"","_links_to":"","_links_to_target":""},"class_list":["post-11425","page","type-page","status-publish","hentry"],"acf":[],"yoast_head":"<!-- This site is optimized with the Yoast SEO plugin v25.4 - https:\/\/yoast.com\/wordpress\/plugins\/seo\/ -->\n<title>Ofertas de trabajo - Institut Poblenou<\/title>\n<meta name=\"robots\" content=\"index, follow, max-snippet:-1, max-image-preview:large, max-video-preview:-1\" \/>\n<link rel=\"canonical\" href=\"https:\/\/institutpoblenou.cat\/sp\/servicios\/ofertas-de-trabajo\/\" \/>\n<meta property=\"og:locale\" content=\"es_MX\" \/>\n<meta property=\"og:type\" content=\"article\" \/>\n<meta property=\"og:title\" content=\"Ofertas de trabajo - Institut Poblenou\" \/>\n<meta property=\"og:url\" content=\"https:\/\/institutpoblenou.cat\/sp\/servicios\/ofertas-de-trabajo\/\" \/>\n<meta property=\"og:site_name\" content=\"Institut Poblenou\" \/>\n<meta property=\"article:modified_time\" content=\"2025-07-14T08:00:51+00:00\" \/>\n<meta name=\"twitter:card\" content=\"summary_large_image\" \/>\n<meta name=\"twitter:label1\" content=\"Est. reading time\" \/>\n\t<meta name=\"twitter:data1\" content=\"1 minute\" \/>\n<script type=\"application\/ld+json\" class=\"yoast-schema-graph\">{\"@context\":\"https:\/\/schema.org\",\"@graph\":[{\"@type\":\"WebPage\",\"@id\":\"https:\/\/institutpoblenou.cat\/sp\/servicios\/ofertas-de-trabajo\/\",\"url\":\"https:\/\/institutpoblenou.cat\/sp\/servicios\/ofertas-de-trabajo\/\",\"name\":\"Ofertas de trabajo - Institut Poblenou\",\"isPartOf\":{\"@id\":\"https:\/\/institutpoblenou.cat\/sp\/#website\"},\"datePublished\":\"2025-07-14T07:55:46+00:00\",\"dateModified\":\"2025-07-14T08:00:51+00:00\",\"breadcrumb\":{\"@id\":\"https:\/\/institutpoblenou.cat\/sp\/servicios\/ofertas-de-trabajo\/#breadcrumb\"},\"inLanguage\":\"es-MX\",\"potentialAction\":[{\"@type\":\"ReadAction\",\"target\":[\"https:\/\/institutpoblenou.cat\/sp\/servicios\/ofertas-de-trabajo\/\"]}]},{\"@type\":\"BreadcrumbList\",\"@id\":\"https:\/\/institutpoblenou.cat\/sp\/servicios\/ofertas-de-trabajo\/#breadcrumb\",\"itemListElement\":[{\"@type\":\"ListItem\",\"position\":1,\"name\":\"Portada\",\"item\":\"https:\/\/institutpoblenou.cat\/sp\/\"},{\"@type\":\"ListItem\",\"position\":2,\"name\":\"Servicios\",\"item\":\"https:\/\/institutpoblenou.cat\/sp\/serveis\/borsa-de-treball\/\"},{\"@type\":\"ListItem\",\"position\":3,\"name\":\"Ofertas de trabajo\"}]},{\"@type\":\"WebSite\",\"@id\":\"https:\/\/institutpoblenou.cat\/sp\/#website\",\"url\":\"https:\/\/institutpoblenou.cat\/sp\/\",\"name\":\"Institut Poblenou\",\"description\":\"Otro sitio realizado con WordPress\",\"potentialAction\":[{\"@type\":\"SearchAction\",\"target\":{\"@type\":\"EntryPoint\",\"urlTemplate\":\"https:\/\/institutpoblenou.cat\/sp\/?s={search_term_string}\"},\"query-input\":{\"@type\":\"PropertyValueSpecification\",\"valueRequired\":true,\"valueName\":\"search_term_string\"}}],\"inLanguage\":\"es-MX\"}]}<\/script>\n<!-- \/ Yoast SEO plugin. -->","yoast_head_json":{"title":"Ofertas de trabajo - Institut Poblenou","robots":{"index":"index","follow":"follow","max-snippet":"max-snippet:-1","max-image-preview":"max-image-preview:large","max-video-preview":"max-video-preview:-1"},"canonical":"https:\/\/institutpoblenou.cat\/sp\/servicios\/ofertas-de-trabajo\/","og_locale":"es_MX","og_type":"article","og_title":"Ofertas de trabajo - Institut Poblenou","og_url":"https:\/\/institutpoblenou.cat\/sp\/servicios\/ofertas-de-trabajo\/","og_site_name":"Institut Poblenou","article_modified_time":"2025-07-14T08:00:51+00:00","twitter_card":"summary_large_image","twitter_misc":{"Est. reading time":"1 minute"},"schema":{"@context":"https:\/\/schema.org","@graph":[{"@type":"WebPage","@id":"https:\/\/institutpoblenou.cat\/sp\/servicios\/ofertas-de-trabajo\/","url":"https:\/\/institutpoblenou.cat\/sp\/servicios\/ofertas-de-trabajo\/","name":"Ofertas de trabajo - Institut Poblenou","isPartOf":{"@id":"https:\/\/institutpoblenou.cat\/sp\/#website"},"datePublished":"2025-07-14T07:55:46+00:00","dateModified":"2025-07-14T08:00:51+00:00","breadcrumb":{"@id":"https:\/\/institutpoblenou.cat\/sp\/servicios\/ofertas-de-trabajo\/#breadcrumb"},"inLanguage":"es-MX","potentialAction":[{"@type":"ReadAction","target":["https:\/\/institutpoblenou.cat\/sp\/servicios\/ofertas-de-trabajo\/"]}]},{"@type":"BreadcrumbList","@id":"https:\/\/institutpoblenou.cat\/sp\/servicios\/ofertas-de-trabajo\/#breadcrumb","itemListElement":[{"@type":"ListItem","position":1,"name":"Portada","item":"https:\/\/institutpoblenou.cat\/sp\/"},{"@type":"ListItem","position":2,"name":"Servicios","item":"https:\/\/institutpoblenou.cat\/sp\/serveis\/borsa-de-treball\/"},{"@type":"ListItem","position":3,"name":"Ofertas de trabajo"}]},{"@type":"WebSite","@id":"https:\/\/institutpoblenou.cat\/sp\/#website","url":"https:\/\/institutpoblenou.cat\/sp\/","name":"Institut Poblenou","description":"Otro sitio realizado con WordPress","potentialAction":[{"@type":"SearchAction","target":{"@type":"EntryPoint","urlTemplate":"https:\/\/institutpoblenou.cat\/sp\/?s={search_term_string}"},"query-input":{"@type":"PropertyValueSpecification","valueRequired":true,"valueName":"search_term_string"}}],"inLanguage":"es-MX"}]}},"_links":{"self":[{"href":"https:\/\/institutpoblenou.cat\/sp\/wp-json\/wp\/v2\/pages\/11425","targetHints":{"allow":["GET"]}}],"collection":[{"href":"https:\/\/institutpoblenou.cat\/sp\/wp-json\/wp\/v2\/pages"}],"about":[{"href":"https:\/\/institutpoblenou.cat\/sp\/wp-json\/wp\/v2\/types\/page"}],"author":[{"embeddable":true,"href":"https:\/\/institutpoblenou.cat\/sp\/wp-json\/wp\/v2\/users\/2"}],"replies":[{"embeddable":true,"href":"https:\/\/institutpoblenou.cat\/sp\/wp-json\/wp\/v2\/comments?post=11425"}],"version-history":[{"count":9,"href":"https:\/\/institutpoblenou.cat\/sp\/wp-json\/wp\/v2\/pages\/11425\/revisions"}],"predecessor-version":[{"id":11801,"href":"https:\/\/institutpoblenou.cat\/sp\/wp-json\/wp\/v2\/pages\/11425\/revisions\/11801"}],"up":[{"embeddable":true,"href":"https:\/\/institutpoblenou.cat\/sp\/wp-json\/wp\/v2\/pages\/10618"}],"wp:attachment":[{"href":"https:\/\/institutpoblenou.cat\/sp\/wp-json\/wp\/v2\/media?parent=11425"}],"curies":[{"name":"wp","href":"https:\/\/api.w.org\/{rel}","templated":true}]}}